{"id":13,"date":"2021-12-25T21:34:27","date_gmt":"2021-12-25T20:34:27","guid":{"rendered":"http:\/\/tmzc.pl\/?page_id=13"},"modified":"2022-07-16T14:50:35","modified_gmt":"2022-07-16T12:50:35","slug":"wladze","status":"publish","type":"page","link":"https:\/\/tmzc.pl\/index.php\/wladze\/","title":{"rendered":"W\u0142adze"},"content":{"rendered":"<p style=\"text-align: center;\"><strong>W\u0141ADZE TOWARZYSTWA MI\u0141OSNIK\u00d3W ZIEMI CIECHANOWSKIEJ<\/strong><\/p>\n<p style=\"text-align: center;\"><strong>PREZYDIUM ZARZ\u0104DU<\/strong><\/p>\n<p style=\"text-align: justify;\"><strong>Adam Krzemi\u0144ski &#8211; Prezes Towarzystwa Mi\u0142o\u015bnik\u00f3w Ziemi Ciechanowskiej<\/strong><br \/>\nPrezes Towarzystwa Ziemi Ciechanowskiej jest rodowitym ciechanowianinem, dyplomowanym nauczycielem matematyki i fizyki. Uko\u0144czy\u0142 Kolegium Nauczycielskie w Ciechanowie. Dyplom licencjacki w zakresie nauczania matematyki uzyska\u0142 na Uniwersytecie im. Miko\u0142aja Kopernika w Toruniu, za\u015b tytu\u0142 magistra zdoby\u0142 na Uniwersytecie Warmi\u0144sko-Mazurskim w Olsztynie. Uko\u0144czy\u0142 tak\u017ce studia podyplomowe z fizyki, studia z zarz\u0105dzania projektami Unii Europejskiej na Uniwersytecie Bia\u0142ostockim oraz kurs kwalifikacyjny dla kadry kierowniczej o\u015bwiaty.<br \/>\nOd pocz\u0105tku swojej kariery zawodowej zwi\u0105zany jest z o\u015bwiat\u0105. Pracowa\u0142 w ciechanowskich publicznych i niepublicznych szko\u0142ach podstawowych i gimnazjach. W latach 2003-2005 pe\u0142ni\u0142 funkcj\u0119 wicedyrektora Szko\u0142y Podstawowej nr 4 w Ciechanowie, a od 2007 roku dyrektora Zak\u0142adu Obs\u0142ugi Szk\u00f3\u0142 i Przedszkoli, obecnie Centrum Us\u0142ug Wsp\u00f3lnych w Ciechanowie.<br \/>\nOpr\u00f3cz tego, od lat anga\u017cuje si\u0119 w dzia\u0142alno\u015b\u0107 samorz\u0105dow\u0105 i spo\u0142eczn\u0105. Piastowa\u0142 funkcj\u0119 radnego Rady Powiatu Ciechanowskiego IV,V i VI kadencji, a obecnie jest w Zarz\u0105dzie Powiatu Ciechanowskiego. Ponadto, od trzech kadencji zasiada w Zarz\u0105dzie Towarzystwa Mi\u0142o\u015bnik\u00f3w Ziemi Ciechanowskiej. Najpierw, przez okres dw\u00f3ch kadencji piastowa\u0142 stanowisko wiceprezesa, a podczas Walnego Zgromadzenia sprawozdawczo-wyborczego odbytego w dniu 23. 10. 2021 roku zosta\u0142 wybrany Prezesem Towarzystwa Mi\u0142o\u015bnik\u00f3w Ziemi Ciechanowskiej. Jest cz\u0142onkiem wielu organizacji spo\u0142ecznych i sportowych, mi\u0119dzy innymi ciechanowskiego Klubu Sportowego Jurand. M\u0105\u017c i ojciec dw\u00f3ch syn\u00f3w.<\/p>\n<p style=\"text-align: justify;\"><strong>Eugeniusz Sadowski &#8211; Wiceprezes Towarzystwa Mi\u0142o\u015bnik\u00f3w Ziemi Ciechanowskiej<\/strong><br \/>\nEugeniusz Sadowski urodzi\u0142 si\u0119 04. 01. stycznia 1949 roku. Jest rodowitym ciechanowianinem. Pochodzi ze znanej w naszym mie\u015bcie rodziny cukiernik\u00f3w. Uko\u0144czy\u0142 kolejno Liceum Og\u00f3lnokszta\u0142c\u0105ce im. Zygmunta Krasi\u0144skiego w Ciechanowie, Pomaturalne Studium Elektroniczne w Warszawie oraz Wydzia\u0142 Prawa i Administracji Uniwersytetu Warszawskiego.<br \/>\nPrac\u0119 zawodow\u0105 rozpocz\u0105\u0142 w Wydziale Geologii Uniwersytetu Warszawskiego, nast\u0119pnie pracowa\u0142 w Zak\u0142adzie Us\u0142ug Radiotechnicznych i Telewizyjnych, Wojew\u00f3dzkim O\u015brodku Informatyki oraz Urz\u0119dzie Wojew\u00f3dzkim w Ciechanowie. Od pocz\u0105tku lat 90. zaanga\u017cowany w dzia\u0142alno\u015b\u0107 samorz\u0105dow\u0105. W latach 1998-2002 pe\u0142ni\u0142 funkcj\u0119 Wicestarosty Powiatu Ciechanowskiego, a nast\u0119pnie przez 4 lata by\u0142 Zast\u0119pc\u0105 Prezydenta Miasta Ciechan\u00f3w, w roku 2006 ponownie zosta\u0142 wybrany na stanowisko Wicestarosty Ciechanowskiego.<br \/>\nDo Towarzystwa Mi\u0142o\u015bnik\u00f3w Ziemi Ciechanowskiej wst\u0105pi\u0142 w 1974 roku, a w 1983 zosta\u0142 wybrany do Zarz\u0105du TMZC. W latach 1988- 1995 pe\u0142ni\u0142 funkcj\u0119 wiceprezesa Towarzystwa, a od 1995 roku do 2021 piastowa\u0142 stanowisko Prezesa Towarzystwa Mi\u0142o\u015bnik\u00f3w Ziemi Ciechanowskiej. Pracami naszego stowarzyszenia kierowa\u0142 przez 26 lat i do tej pory jest najd\u0142u\u017cej urz\u0119duj\u0105cym prezesem. Postrzegany jest jako jeden z najaktywniejszych i najskuteczniejszych prezes\u00f3w podejmuj\u0105cych wiele wa\u017cnych inicjatyw dla dobra i rozwoju naszego miasta.<br \/>\nZa sw\u0105 dzia\u0142alno\u015b\u0107 spo\u0142eczn\u0105 i zawodow\u0105 zosta\u0142 wielokrotnie wyr\u00f3\u017cniony i odznaczony. Otrzyma\u0142 mi\u0119dzy innymi Krzy\u017c Kawalerski Orderu Odrodzenia Polski, Z\u0142oty, Srebrny i Br\u0105zowy Krzy\u017c Zas\u0142ugi oraz odznak\u0119 \u201eZas\u0142u\u017cony Dzia\u0142acz Kultury\u201d. W 2007 roku, z okazji 50. rocznicy dzia\u0142alno\u015bci Towarzystwa Mi\u0142o\u015bnik\u00f3w Ziemi Ciechanowskiej zosta\u0142 uhonorowany Nagrod\u0105 im. Franciszka Rajkowskiego. W 2021 roku na w\u0142asn\u0105 pro\u015bb\u0119 zrezygnowa\u0142 z zarz\u0105dzania Towarzystwem, przekazuj\u0105c swoje obowi\u0105zki przedstawicielowi m\u0142odszego pokolenia. Nadal jednak aktywnie wspiera dzia\u0142alno\u015b\u0107 Towarzystwa, dzieli si\u0119 swoj\u0105 wiedz\u0105 i do\u015bwiadczeniem, piastuj\u0105c od 23. 10 2021 roku z woli zarz\u0105du funkcj\u0119 wiceprezesa naszego stowarzyszenia.<\/p>\n<p style=\"text-align: justify;\"><strong>Bernard Grzankowski &#8211; Wiceprezes Towarzystwa Mi\u0142o\u015bnik\u00f3w Ziemi Ciechanowskiej<\/strong><br \/>\nBernard Grzankowski urodzi\u0142 si\u0119 w 1948 roku w Ciechanowie, w rodzinie ciechanowskiego rzemie\u015blnika Tadeusza Grzankowskiego, znanego w mie\u015bcie spo\u0142ecznika i pierwszego zast\u0119pcy prezesa TMZC. Pan Bernard wyni\u00f3s\u0142 z rodzinnego domu spo\u0142ecznikowsk\u0105 pasj\u0119 i do chwili obecnej nieprzerwanie j\u0105 kontynuuje. Wzorem swojego ojca Tadeusza, kt\u00f3ry w 1985 roku zosta\u0142 uhonorowany Nagrod\u0105 im. Franciszka Rajkowskiego, podejmuje wiele inicjatyw s\u0142u\u017c\u0105cych rozwojowi naszego miasta. G\u0142\u00f3wnym obszarem dzia\u0142alno\u015bci Wiceprezesa Bernarda Grzankowskiego jest upami\u0119tnianie dziej\u00f3w Ciechanowa; wydarze\u0144 historycznych, istnienia wielu wa\u017cnych instytucji oraz postaci zwi\u0105zanych z Ziemi\u0105 Ciechanowsk\u0105.<br \/>\nNie spos\u00f3b wyliczy\u0107 wszystkich dokona\u0144 na tym polu, ale warto chocia\u017cby wymieni\u0107 te najwa\u017cniejsze. Nale\u017c\u0105 do nich: ufundowanie wielu tablic pami\u0105tkowych w mie\u015bcie, np: tablicy katy\u0144skiej oraz tablicy po\u015bwi\u0119conej bohaterom powstania styczniowego &#8211; znajduj\u0105cych si\u0119 w ko\u015bciele poklasztornym, tablicy na bramie koszar wojskowych upami\u0119tniaj\u0105c\u0105 powo\u0142anie 203. Ochotniczego Pu\u0142ku Piechoty, tablicy upami\u0119tniaj\u0105cej gen. Stanis\u0142awa Sosabowskiego w Szkole Podstawowej nr 4, tablicy upami\u0119tniaj\u0105cej 100. rocznic\u0119 wojny polsko- bolszewickiej, kt\u00f3ra znajduje si\u0119 na \u015bcianie kamienicy, przy ulicy Warszawskiej i wiele innych. W tym miejscu warto nadmieni\u0107, \u017ce Pan Bernard sam zajmuje si\u0119 opracowaniem graficznym, projektowaniem, obr\u00f3bk\u0105 i monta\u017cem granitowych tablic pami\u0105tkowych. Ponadto, zawsze w spos\u00f3b aktywny w\u0142\u0105cza si\u0119 we wszystkie inicjatywy podejmowane przez Towarzystwo. Pomaga\u0142 czynnie przy rekonstrukcji pomnika POW znajduj\u0105cego si\u0119 na pl. Ko\u015bciuszki, przy odbudowie pomnika 203. Pu\u0142ku Piechoty w Przedwojewie, czy te\u017c przy wznoszeniu pomnik\u00f3w \u015bw. Piotra Aposto\u0142a oraz pomnika \u015bw. Jana Paw\u0142a II, a tak\u017ce zas\u0142u\u017cy\u0142 si\u0119 przy budowie \u015bwi\u0105tyni pod wezwaniem \u015bw. Piotra Aposto\u0142a na Kargoszynie.<br \/>\nNie spos\u00f3b te\u017c pomin\u0105\u0107 faktu, \u017ce Wiceprezes Bernard Grzankowski jest cz\u0142owiekiem niezwykle otwartym, szczerym i potrafi wiele dobra czyni\u0107 w spos\u00f3b bezinteresowny. Dba o presti\u017c Towarzystwa, a na siedzib\u0119 naszej organizacji nieodp\u0142atnie udost\u0119pni\u0142 w\u0142asny lokal znajduj\u0105cy si\u0119 w kamienicy, przy ul. Warszawskiej. Szeroko sponsoruje te\u017c dzia\u0142alno\u015b\u0107 sportow\u0105, bo sam przed laty uprawia\u0142 podnoszenie ci\u0119\u017car\u00f3w, zdobywaj\u0105c wiele odznacze\u0144 i wyr\u00f3\u017cnie\u0144. Mo\u017cna by powiedzie\u0107, \u017ce jest wsz\u0119dzie, gdzie potrzebuje go Ma\u0142a Ojczyzna. Wsp\u00f3\u0142pracuje z wieloma instytucjami, szko\u0142ami, parafiami, a jako w\u0142a\u015bciciel kwiaciarni hojnie wspiera upami\u0119tnianie wa\u017cnych rocznic i uroczysto\u015bci zar\u00f3wno o charakterze patriotycznym jak i ko\u015bcielnym. Pan Bernard Grzankowski 2000 roku za sw\u0105 dzia\u0142alno\u015b\u0107 dla dobra Malej Ojczyzny zosta\u0142 uhonorowany Nagrod\u0105 im. Franciszka Rajkowskiego.<\/p>\n<p style=\"text-align: justify;\"><strong>Maciej Adamkiewicz &#8211; Sekretarz Towarzystwa Mi\u0142o\u015bnik\u00f3w Ziemi Ciechanowskiej<\/strong><br \/>\nMaciej Adamkiewicz urodzi\u0142 si\u0119 8 sierpnia 1954r. w Ciechanowie, jest synem Antoniego, w czasie II wojny \u015bwiatowej \u017co\u0142nierza AK oraz Janiny z d. Klopper, kt\u00f3rej rodzina pochodzi z okolic Lwowa. Pan Maciej jest absolwentem Liceum Og\u00f3lnokszta\u0142c\u0105cego im. Z Krasi\u0144skiego w Ciechanowie. Uko\u0144czy\u0142 Uniwersytet Przyrodniczo-Humanistyczny w Siedlcach, uzyskuj\u0105c tytu\u0142 magistra filologii polskiej. W latach 1995-1996 odby\u0142 studia w zakresie administracji o\u015bwiatowej na SGH w Warszawie. Pracowa\u0142 jako wychowawca w Bursie Szkolnej nr 1 w Ciechanowie, nast\u0119pnie w Szkole Podstawowa nr 5 w Ciechanowie jako nauczyciel j\u0119zyka polskiego. By\u0142 r\u00f3wnie\u017c nauczycielem w Centrum Kszta\u0142cenia Ustawicznego w Ciechanowie oraz doradc\u0105 metodycznym j\u0119zyka polskiego.<br \/>\nJako dyplomowany nauczyciel by\u0142 r\u00f3wnie\u017c egzaminatorem Okr\u0119gowej Komisji Egzaminacyjnej w Warszawie. W latach 1990-2000 pe\u0142ni\u0142 funkcje: wizytatora, dyrektora delegatury, dyrektora wydzia\u0142u kszta\u0142cenia, wicekuratora i zast\u0119pcy kierownika delegatury Kuratorium O\u015bwiaty w Ciechanowie, by od roku 2000 do zako\u0144czenia pracy zawodowej w 2013 roku nadzorowa\u0107 o\u015bwiat\u0119 powiatow\u0105 jako kierownik Wydzia\u0142u Edukacji, Kultury i Sportu w Starostwie Powiatowym w Ciechanowie. Uko\u0144czy\u0142 szereg kurs\u00f3w z zakresu dydaktyki, pedagogiki, metodyki i organizacji o\u015bwiaty. Wyk\u0142adowca Mazowieckiego Samorz\u0105dowego Centrum Doskonalenia Nauczycieli, Wy\u017cszej Szko\u0142y Gospodarki w Bydgoszczy, Akademii Humanistycznej w Pu\u0142tusku podczas kurs\u00f3w kwalifikacyjnych dla kadry kierowniczej o\u015bwiaty, a tak\u017ce edukator nauczycieli i wizytator\u00f3w na licznych kursach doskonal\u0105cych.<br \/>\nPan Maciej Adamkiewicz by\u0142 aktywnym cz\u0142onkiem NSZZ \u201eSolidarno\u015b\u0107\u201d, a z list Porozumienia Komitet\u00f3w Obywatelskich zosta\u0142 w 1990 radnym Rady Miasta Ciechan\u00f3w, gdzie pe\u0142ni\u0142 funkcj\u0119 wiceprzewodnicz\u0105cego Komisji O\u015bwiaty, Kultury i Sportu, b\u0119d\u0105c r\u00f3wnie\u017c aktywnym cz\u0142onkiem zespo\u0142u redakcyjnego \u201eGazety Samorz\u0105dowej Miasta Ciechan\u00f3w\u201d i zespo\u0142u ds. ustalenia nowych nazw ulic i plac\u00f3w Ciechanowa. Wsp\u00f3\u0142za\u0142o\u017cyciel Akcji Katolickiej w Ciechanowie, uczestnik LXII Synodu P\u0142ockiego w l. 1987-1991 oraz wiceprzewodnicz\u0105cy Katolickiego Stowarzyszenie \u201ePoliticus\u201d. Pan Adamkiewicz jest wsp\u00f3\u0142autorem \u201eProgramu rozwoju Ciechanowa\u201d, kt\u00f3ry by\u0142 efektem prac Zespo\u0142u ds. O\u015bwiaty, Kultury i Sportu Akcji Wyborczej Solidarno\u015b\u0107. Przez dwadzie\u015bcia lat pe\u0142ni\u0142 funkcj\u0119 prezesa Samodzielnego Ko\u0142a Terenowego nr 223 w Ciechanowie Spo\u0142ecznego Towarzystwa O\u015bwiatowego, kt\u00f3rego by\u0142 r\u00f3wnie\u017c cz\u0142onkiem Zarz\u0105du G\u0142\u00f3wnego. W latach 1990-2010 dzia\u0142acz Szkolnego Zwi\u0105zku Sportowego, najpierw jako prezes Zarz\u0105du Wojew\u00f3dzkiego, a nast\u0119pnie powiatowego. Od 1998 roku cz\u0142onek Towarzystwa Mi\u0142o\u015bnik\u00f3w Ziemi Ciechanowskiej, a od 2004 do chwili obecnej Sekretarz Zarz\u0105du. Pan Maciej anga\u017cuj\u0105c si\u0119 spo\u0142ecznie, wsp\u00f3\u0142pracowa\u0142 r\u00f3wnie\u017c z wieloma organizacjami pozarz\u0105dowymi i instytucjami pa\u0144stwowymi oraz samorz\u0105dowymi, mi\u0119dzy innymi z: Muzeum Szlachty Mazowieckiej, Polskim Czerwonym Krzy\u017cem, \u015awiatowym Zwi\u0105zkiem \u017bo\u0142nierzy Armii Krajowej, Polskim Towarzystwem Schronisk M\u0142odzie\u017cowych, Krajowym O\u015brodkiem Dokumentacji Regionalnych Towarzystw Kultury i Ciechanowskim Towarzystwem Naukowym, Wielk\u0105 Orkiestr\u0105 \u015awi\u0105tecznej Pomocy czy 1. Ciechanowskim Pu\u0142kiem Artylerii im. marsza\u0142ka J\u00f3zefa Pi\u0142sudskiego. Za swoj\u0105 prac\u0119 spo\u0142eczn\u0105 i zawodow\u0105 wielokrotnie odznaczany, mi\u0119dzy innymi otrzyma\u0142: Medal Komisji Edukacji Narodowej, Srebrny Medal Opiekuna Miejsc Pami\u0119ci Narodowej, Srebrny Krzy\u017c Zas\u0142ugi, Medal za Zas\u0142ugi dla Ciechanowa 2007, Z\u0142oty Medal za D\u0142ugoletni\u0105 S\u0142u\u017cb\u0119. W 2022 roku zosta\u0142 uhonorowany Nagrod\u0105 im. Franciszka Rajkowskiego.<\/p>\n<p style=\"text-align: center;\"><strong>ZARZ\u0104D TOWARZYSTWA MI\u0141O\u015aNIK\u00d3W ZIEMI CIECHANOWSKIEJ<\/strong><br \/>\n<strong>(2021-2024)<\/strong><\/p>\n<p>Adam Krzemi\u0144ski \u2013 Prezes TMZC<br \/>\nEugeniusz Sadowski \u2013 Wiceprezes TMZC<br \/>\nBernard Grzankowski \u2013 Wiceprezes TMZC<br \/>\nMaciej Adamkiewicz \u2013 Sekretarz TMZC<br \/>\nZbigniew Tyburski \u2013 Skarbnik TMZC<br \/>\nks. pra\u0142. Eugeniusz Graczyk<br \/>\nDariusz Bralski<br \/>\nKrzysztof D\u0142ugok\u0119cki<br \/>\nHanna D\u0142ugoszewska-Nadratowska<br \/>\nTomasz Fal\u0119cki<br \/>\nEwa G\u0142adysz<br \/>\nJacek Hryniewicz<br \/>\nMaria Klonowska<br \/>\ndr doc. Aleksander Kociszewski<br \/>\nMariusz Kr\u00f3lewiecki<br \/>\nKrzysztof Ostromecki<br \/>\ndr Zbigniew Ptasiewicz<br \/>\nEwa Stangrodzka-Koz\u0142owska<br \/>\ndr Bogumi\u0142a Umi\u0144ska<br \/>\nMarek Zalewski<\/p>\n<p><a href=\"http:\/\/tmzc.pl\/wp-content\/uploads\/2022\/07\/TMZC-Zarzad-2021-2024-scaled.jpg\"><img loading=\"lazy\" decoding=\"async\" class=\"aligncenter wp-image-162\" src=\"http:\/\/tmzc.pl\/wp-content\/uploads\/2022\/07\/TMZC-Zarzad-2021-2024-1024x725.jpg\" alt=\"TMZC Zarz\u0105d 2021 - 2024\" width=\"800\" height=\"567\" srcset=\"https:\/\/tmzc.pl\/wp-content\/uploads\/2022\/07\/TMZC-Zarzad-2021-2024-1024x725.jpg 1024w, https:\/\/tmzc.pl\/wp-content\/uploads\/2022\/07\/TMZC-Zarzad-2021-2024-300x213.jpg 300w, https:\/\/tmzc.pl\/wp-content\/uploads\/2022\/07\/TMZC-Zarzad-2021-2024-768x544.jpg 768w, https:\/\/tmzc.pl\/wp-content\/uploads\/2022\/07\/TMZC-Zarzad-2021-2024-1536x1088.jpg 1536w, https:\/\/tmzc.pl\/wp-content\/uploads\/2022\/07\/TMZC-Zarzad-2021-2024-2048x1451.jpg 2048w, https:\/\/tmzc.pl\/wp-content\/uploads\/2022\/07\/TMZC-Zarzad-2021-2024-850x602.jpg 850w\" sizes=\"auto, (max-width: 800px) 100vw, 800px\" \/><\/a><\/p>\n<p style=\"text-align: center;\"><strong>KOMISJA REWIZYJNA<\/strong><br \/>\n<strong>TOWARZYSTWA MILOSNIK\u00d3W ZIEMI CIECHANOWSKIEJ<\/strong><\/p>\n<p>Joanna Kiszkurno<br \/>\nJan Niesiob\u0119dzki<br \/>\nJan Rzepli\u0144ski<br \/>\nZofia Brzezi\u0144ska<br \/>\nLech Barbarski<br \/>\nZdzis\u0142aw D\u0105browski<br \/>\nLech Marek G\u0105siorowski<br \/>\nMiros\u0142aw Kalinowski<\/p>\n<p><a href=\"http:\/\/tmzc.pl\/wp-content\/uploads\/2022\/07\/TMZC-Komisja-Rewizyjna-2021-2024-scaled.jpg\"><img loading=\"lazy\" decoding=\"async\" class=\"aligncenter wp-image-164\" src=\"http:\/\/tmzc.pl\/wp-content\/uploads\/2022\/07\/TMZC-Komisja-Rewizyjna-2021-2024-1024x722.jpg\" alt=\"TMZC Komisja Rewizyjna\" width=\"800\" height=\"564\" srcset=\"https:\/\/tmzc.pl\/wp-content\/uploads\/2022\/07\/TMZC-Komisja-Rewizyjna-2021-2024-1024x722.jpg 1024w, https:\/\/tmzc.pl\/wp-content\/uploads\/2022\/07\/TMZC-Komisja-Rewizyjna-2021-2024-300x212.jpg 300w, https:\/\/tmzc.pl\/wp-content\/uploads\/2022\/07\/TMZC-Komisja-Rewizyjna-2021-2024-768x542.jpg 768w, https:\/\/tmzc.pl\/wp-content\/uploads\/2022\/07\/TMZC-Komisja-Rewizyjna-2021-2024-1536x1083.jpg 1536w, https:\/\/tmzc.pl\/wp-content\/uploads\/2022\/07\/TMZC-Komisja-Rewizyjna-2021-2024-2048x1444.jpg 2048w, https:\/\/tmzc.pl\/wp-content\/uploads\/2022\/07\/TMZC-Komisja-Rewizyjna-2021-2024-850x599.jpg 850w\" sizes=\"auto, (max-width: 800px) 100vw, 800px\" \/><\/a><\/p>\n","protected":false},"excerpt":{"rendered":"<p>W\u0141ADZE TOWARZYSTWA MI\u0141OSNIK\u00d3W ZIEMI CIECHANOWSKIEJ PREZYDIUM ZARZ\u0104DU Adam Krzemi\u0144ski &#8211; Prezes Towarzystwa Mi\u0142o\u015bnik\u00f3w Ziemi Ciechanowskiej Prezes Towarzystwa Ziemi Ciechanowskiej jest rodowitym ciechanowianinem, dyplomowanym nauczycielem matematyki i fizyki. Uko\u0144czy\u0142 Kolegium Nauczycielskie w Ciechanowie. Dyplom licencjacki w zakresie nauczania matematyki uzyska\u0142 na &hellip; <a href=\"https:\/\/tmzc.pl\/index.php\/wladze\/\">Czytaj dalej <span class=\"meta-nav\">&rarr;<\/span><\/a><\/p>\n","protected":false},"author":1,"featured_media":0,"parent":0,"menu_order":1,"comment_status":"closed","ping_status":"closed","template":"","meta":{"ngg_post_thumbnail":0,"footnotes":""},"class_list":["post-13","page","type-page","status-publish","hentry"],"_links":{"self":[{"href":"https:\/\/tmzc.pl\/index.php\/wp-json\/wp\/v2\/pages\/13","targetHints":{"allow":["GET"]}}],"collection":[{"href":"https:\/\/tmzc.pl\/index.php\/wp-json\/wp\/v2\/pages"}],"about":[{"href":"https:\/\/tmzc.pl\/index.php\/wp-json\/wp\/v2\/types\/page"}],"author":[{"embeddable":true,"href":"https:\/\/tmzc.pl\/index.php\/wp-json\/wp\/v2\/users\/1"}],"replies":[{"embeddable":true,"href":"https:\/\/tmzc.pl\/index.php\/wp-json\/wp\/v2\/comments?post=13"}],"version-history":[{"count":10,"href":"https:\/\/tmzc.pl\/index.php\/wp-json\/wp\/v2\/pages\/13\/revisions"}],"predecessor-version":[{"id":166,"href":"https:\/\/tmzc.pl\/index.php\/wp-json\/wp\/v2\/pages\/13\/revisions\/166"}],"wp:attachment":[{"href":"https:\/\/tmzc.pl\/index.php\/wp-json\/wp\/v2\/media?parent=13"}],"curies":[{"name":"wp","href":"https:\/\/api.w.org\/{rel}","templated":true}]}}