{"id":18,"date":"2021-12-25T21:38:42","date_gmt":"2021-12-25T20:38:42","guid":{"rendered":"http:\/\/tmzc.pl\/?page_id=18"},"modified":"2022-09-25T18:07:54","modified_gmt":"2022-09-25T16:07:54","slug":"kontakt","status":"publish","type":"page","link":"https:\/\/tmzc.pl\/index.php\/kontakt\/","title":{"rendered":"Kontakt"},"content":{"rendered":"<p>Towarzystwo Mi\u0142o\u015bnik\u00f3w Ziemi Ciechanowskiej<br \/>\nul. Warszawska 4<br \/>\n06-400 Ciechan\u00f3w<\/p>\n","protected":false},"excerpt":{"rendered":"<p>Towarzystwo Mi\u0142o\u015bnik\u00f3w Ziemi Ciechanowskiej ul. Warszawska 4 06-400 Ciechan\u00f3w<\/p>\n","protected":false},"author":1,"featured_media":0,"parent":0,"menu_order":3,"comment_status":"closed","ping_status":"closed","template":"","meta":{"ngg_post_thumbnail":0,"footnotes":""},"class_list":["post-18","page","type-page","status-publish","hentry"],"_links":{"self":[{"href":"https:\/\/tmzc.pl\/index.php\/wp-json\/wp\/v2\/pages\/18","targetHints":{"allow":["GET"]}}],"collection":[{"href":"https:\/\/tmzc.pl\/index.php\/wp-json\/wp\/v2\/pages"}],"about":[{"href":"https:\/\/tmzc.pl\/index.php\/wp-json\/wp\/v2\/types\/page"}],"author":[{"embeddable":true,"href":"https:\/\/tmzc.pl\/index.php\/wp-json\/wp\/v2\/users\/1"}],"replies":[{"embeddable":true,"href":"https:\/\/tmzc.pl\/index.php\/wp-json\/wp\/v2\/comments?post=18"}],"version-history":[{"count":2,"href":"https:\/\/tmzc.pl\/index.php\/wp-json\/wp\/v2\/pages\/18\/revisions"}],"predecessor-version":[{"id":641,"href":"https:\/\/tmzc.pl\/index.php\/wp-json\/wp\/v2\/pages\/18\/revisions\/641"}],"wp:attachment":[{"href":"https:\/\/tmzc.pl\/index.php\/wp-json\/wp\/v2\/media?parent=18"}],"curies":[{"name":"wp","href":"https:\/\/api.w.org\/{rel}","templated":true}]}}