{"id":20,"date":"2021-12-25T21:39:10","date_gmt":"2021-12-25T20:39:10","guid":{"rendered":"http:\/\/tmzc.pl\/?page_id=20"},"modified":"2022-09-26T18:25:15","modified_gmt":"2022-09-26T16:25:15","slug":"historia-tmzc","status":"publish","type":"page","link":"https:\/\/tmzc.pl\/index.php\/historia-tmzc\/","title":{"rendered":"Historia TMZC"},"content":{"rendered":"<p style=\"text-align: justify;\">Towarzystwo Mi\u0142o\u015bnik\u00f3w Ziemi Ciechanowskiej jako jedno z pierwszych tego typu stowarzysze\u0144 w Polsce powsta\u0142o 12 maja 1957 roku. To wtedy na pierwszym zebraniu organizacyjnym w Powiatowym Domu Kultury w Ciechanowie, przy ulicy Warszawskiej zebra\u0142a si\u0119 grupa 65 spo\u0142ecznik\u00f3w wiedzionych potrzeb\u0105 rozbudzenia patriotyzmu i konieczno\u015bci\u0105 krzewienia kultury w najbli\u017cszym regionie. Inicjatorem tego zamierzenia by\u0142 \u015bwiat\u0142y rzemie\u015blnik ciechanowski Tadeusz Grzankowski. To w jego umy\u015ble zrodzi\u0142a si\u0119 idea po\u0142\u0105czenia tw\u00f3rczych i spo\u0142ecznych si\u0142 na rzecz rozwoju szeroko poj\u0119tej kultury naszej ma\u0142ej ojczyzny, co mia\u0142o szczeg\u00f3lnie znaczenie w czasach zniewolenia komunistycznego. Wykorzystano w\u00f3wczas sprzyjaj\u0105cy okres \u201eodwil\u017cy politycznej\u201d, aby po\u0142\u0105czy\u0107 aktywno\u015b\u0107 kulturow\u0105 r\u00f3\u017cnych \u015brodowisk tw\u00f3rczych pracuj\u0105cych w\u00f3wczas dla rozwoju miasta, powiatu i ca\u0142ej Ziemi Ciechanowskiej. Towarzystwo za wzorzec spo\u0142ecznikowskiego dzia\u0142ania przyj\u0119\u0142o powo\u0142any w Ciechanowie w 1906 roku z inicjatywy dr. Franciszka Rajkowskiego oddzia\u0142 Towarzystwa Kultury Polskiej.<\/p>\n<p style=\"text-align: justify;\">Niestety, panuj\u0105ca w\u00f3wczas&nbsp; sytuacja polityczna nie sprzyja\u0142a powstawaniu takich organizacji i z nieufno\u015bci\u0105 inicjatywa ta by\u0142a postrzegana przez \u00f3wczesn\u0105 w\u0142adz\u0119. Negatywnie odnoszono si\u0119 do powstania TMZC, a jego legalizacj\u0119 widziano jako bezcelow\u0105 i bezzasadn\u0105, uzasadniaj\u0105c istnieniem PTTK jako organizacji o podobnym charakterze. Stosowano r\u00f3\u017cne sposoby, aby utrudni\u0107 legalizacj\u0119 Towarzystwa. Dla ostatecznego rozprawienia si\u0119 z t\u0105 oddoln\u0105 inicjatyw\u0105 starano si\u0119 utworzy\u0107 podobn\u0105 organizacj\u0119 &#8211; Towarzystwo Rozwoju Kultury i Ochrony Zabytk\u00f3w Ziemi Ciechanowskiej i cz\u0119\u015b\u0107 dzia\u0142aczy lojalnych wobec partii wprowadzi\u0107 do zarz\u0105du TMZC. Ostatecznie nie uda\u0142o si\u0119 \u00f3wczesnej w\u0142adzy zrealizowa\u0107 tych zamiar\u00f3w i doprowadzono do legalizacji Towarzystwa Mi\u0142o\u015bnik\u00f3w Ziemi Ciechanowskiej, a o przyj\u0119ciu cz\u0142onk\u00f3w zgodnie ze statutem decydowa\u0142o wy\u0142\u0105cznie walne zgromadzenie. Pierwszy Zarz\u0105d Towarzystwa Mi\u0142o\u015bnik\u00f3w Ziemi Ciechanowskiej tworzyli: Eugeniusz \u015amietanko &#8211; prezes, Tadeusz Grzankowski &#8211; wiceprezes, Antoni Kuchalski &#8211; wiceprezes, Jan Korzybski &#8211; sekretarz, Barbara Kr\u00f3l &#8211; skarbnik, Wincenty Werner, Teodor M\u0142ynarski, W\u0142adys\u0142aw Jab\u0142o\u0144ski, Robert Barto\u0142d, Romuald Wodzi\u0144ski, Boles\u0142aw Kami\u0144ski, Zdzis\u0142aw Brzezi\u0144ski, Aleksander Kulwiec, Jan Pilich, Tadeusz Sobolewski, Tadeusz Wyrzykowski.<\/p>\n<p style=\"text-align: justify;\">Pomimo tego, \u017ce pierwszych cz\u0142onk\u00f3w i dzia\u0142aczy r\u00f3\u017cni\u0142y czasem pogl\u0105dy, przekonania i sposoby rozwiazywania wa\u017cnych kwestii, ale po\u0142\u0105czy\u0142y ich &nbsp;emocjonalne wi\u0119zi z ziemi\u0105&nbsp; ojc\u00f3w oraz solidarna postawa w obronie autonomii swojej organizacji i jej w\u0142adz statutowych. Mimo tego, \u017ce w zar\u00f3wno w zarz\u0105dzie Towarzystwa jak i w\u015br\u00f3d szeregowych cz\u0142onk\u00f3w znalaz\u0142o si\u0119 wiele wa\u017cnych i zas\u0142u\u017conych os\u00f3b o do\u015b\u0107 wyra\u017anej osobowo\u015bci, to jednak zrealizowano na zasadach wzajemnego zrozumienia i kompromisu wiele wa\u017cnych zada\u0144. Atmosfera, jaka wytworzy\u0142a si\u0119 wok\u00f3\u0142 legalizacji Towarzystwa utwierdzi\u0142a dzia\u0142aczy o s\u0142uszno\u015bci podj\u0119tych wyzwa\u0144 i zjedna\u0142a mu wielu sprzymierze\u0144c\u00f3w oraz sympatyk\u00f3w. W nied\u0142ugim czasie Towarzystwo doliczy\u0142o si\u0119 300 cz\u0142onk\u00f3w mieszkaj\u0105cych nie tylko w Ciechanowie i okolicy, ale r\u00f3wnie\u017c w Warszawie, gdzie z miejsca powsta\u0142 do\u015b\u0107 liczny, d\u0142ugo nie akceptowany przez w\u0142adze oddzia\u0142 terenowy, a tak\u017ce w \u0141odzi, Lublinie, a nawet w USA.<\/p>\n<p style=\"text-align: justify;\">Towarzystwo Mi\u0142o\u015bnik\u00f3w Ziemi Ciechanowskiej od pocz\u0105tku swej dzia\u0142alno\u015bci upowszechnia kultur\u0119 i rozbudza patriotyzm. Stowarzyszenie anga\u017cuje si\u0119 w badania dziej\u00f3w Ziemi Ciechanowskiej, popularyzuje wiedz\u0119 historyczn\u0105 i regionaln\u0105, cz\u0119sto jest inicjatorem r\u00f3\u017cnych przedsi\u0119wzi\u0119\u0107 w sferze kultury, a ponadto aktywnie wsp\u00f3\u0142dzia\u0142a w dziedzinie upowszechniania i rozwoju krajoznawstwa, turystyki oraz piel\u0119gnowania tradycji.<\/p>\n<p style=\"text-align: justify;\">Na przestrzeni 65 lat swej dzia\u0142alno\u015bci TMZC zrealizowa\u0142o wiele wa\u017cnych inicjatyw spo\u0142ecznych. Do&nbsp; najwa\u017cniejszych osi\u0105gni\u0119\u0107 Towarzystwa nale\u017c\u0105 kolejno: podj\u0119cie skutecznej inicjatywy odbudowy Muzeum Romantyzmu w Opinog\u00f3rze, Zamku Ksi\u0105\u017c\u0105t Mazowieckich w Ciechanowie, budowa pomnika \u201eWalki M\u0119cze\u0144stwa &#8211; Zwyci\u0119stwa&#8221;, pomnika Marii Konopnickiej, pomnika Aleksandra. \u015awi\u0119tochowskiego w Go\u0142otczy\u017anie, pomnika Stefana \u017beromskiego w Szulmierzu oraz pomnika \u015aw. Piotra Aposto\u0142a &#8211; patrona miasta.<br \/>\nOpr\u00f3cz tego dokonano odbudowy pomnika Polskiej Organizacji Wojskowej, a tak\u017ce pomnika poleg\u0142ych \u017co\u0142nierzy w 1920 r. z 203 pu\u0142ku u\u0142an\u00f3w w Przedwojewie.<\/p>\n<p style=\"text-align: justify;\">Ponadto, staraniem Towarzystwa ufundowano wiele tablic upami\u0119tniaj\u0105cych wa\u017cne wydarzenia historyczne, np. bitwy z okresu powsta\u0144 narodowych, wojny polsko-bolszewickiej w 1920 r., miejsca i wydarzenia zwi\u0105zane z II wojn\u0105 \u015bwiatow\u0105 oraz okupacj\u0105 hitlerowsk\u0105 i sowieck\u0105, a tak\u017ce osoby zwi\u0105zane i zas\u0142u\u017cone dla lokalnej spo\u0142eczno\u015bci. Stowarzyszenie otacza r\u00f3wnie\u017c pami\u0119ci\u0105 zmar\u0142ych cz\u0142onk\u00f3w TMZC &nbsp;poprzez umieszczenie odpowiednich tablic pami\u0105tkowych na ich grobach , a tak\u017ce pami\u0119taj\u0105c o rocznicach ich \u015bmierci.<\/p>\n<p style=\"text-align: justify;\">Towarzystwo Mi\u0142o\u015bnik\u00f3w Ziemi Ciechanowskiej mo\u017ce poszczyci\u0107 si\u0119 tak\u017ce innymi formami pracy, kt\u00f3rym przy\u015bwieca rozbudzenie zainteresowa\u0144 Ziemi\u0105 Ciechanowsk\u0105 i poszerzenie wiedzy ojej historii. Nale\u017cy tu wymieni\u0107 zabieganie o nadawanie imieniem wa\u017cnych postaci nazwom ulic i plac\u00f3w w mie\u015bcie, przywracanie pierwotnego wygl\u0105du wielu nagrobkom i miejscom pami\u0119ci, organizowanie odczyt\u00f3w i sesji popularno-naukowych, a tak\u017ce imprez integruj\u0105cych ciechanowskich spo\u0142ecznik\u00f3w i dzia\u0142aczy.<\/p>\n<p style=\"text-align: justify;\">Wa\u017cnym obszarem dzia\u0142alno\u015bci Towarzystwa zajmuj\u0105 wydawnictwa, poprzez &nbsp;kt\u00f3re w formie ksi\u0105\u017ckowej stowarzyszenie popularyzuje wiedz\u0119 historyczn\u0105 dotycz\u0105c\u0105 Ziemi Ciechanowskiej. Do tej pory na dorobek wydawniczy TMZC sk\u0142ada si\u0119 ponad 70 publikacji r\u00f3\u017cni\u0105cych si\u0119 bardzo pod wzgl\u0119dem formalnym i rzeczowym. Wydano mi\u0119dzy innymi: 5 biuletyn\u00f3w informacyjnych i opracowa\u0144 dotycz\u0105cych dzia\u0142alno\u015bci TMZC, 6 album\u00f3w fotograficznych, 4 albumy sztuki, 5 folder\u00f3w i przewodnik\u00f3w turystycznych, 2 tomiki poezji, 5 ksi\u0105\u017cek dla dzieci, 5 opracowa\u0144 historycznych o charakterze naukowym, 4 opracowania o charakterze popularnym, 7 pozycji nt. sylwetek zas\u0142u\u017conych postaci, 3 legendy o ciechanowskim zamku,&nbsp; 2 leksykony oraz 6 utwor\u00f3w prozatorskich. Nale\u017cy r\u00f3wnie\u017c podkre\u015bli\u0107, \u017ce w 1981 roku delegacja ciechanowian uda\u0142a si\u0119 do Watykanu i podarowa\u0142a \u015awi\u0119temu Janowi Paw\u0142owi II dar w postaci miedzianej patery z wyt\u0142oczonym herbem Ciechanowa i napisem: \u201ePierwszemu Polakowi &#8211; Towarzystwo Mi\u0142o\u015bnik\u00f3w Ziemi Ciechanowskiej\u201d.<\/p>\n<p style=\"text-align: justify;\">Towarzystwo Mi\u0142o\u015bnik\u00f3w Ziemi Ciechanowskiej na przestrzeni 65 lat swej dzia\u0142alno\u015bci wnios\u0142o wielki wk\u0142ad w rozw\u00f3j kultury, nauki oraz upami\u0119tnianie i upowszechnianie dziej\u00f3w Ziemi Ciechanowskiej. Stowarzyszenie nadal skupia do\u015b\u0107 znaczne grono lokalnych dzia\u0142aczy i ponad 300 cz\u0142onk\u00f3w &#8211; os\u00f3b \u017cywo interesuj\u0105cych si\u0119 losem naszej ma\u0142ej ojczyzny, dla kt\u00f3rych s\u0142owo patriotyzm nigdy nie by\u0142o i nie b\u0119dzie has\u0142em przebrzmia\u0142ym. Dzisiaj jednak zgodnie z ide\u0105 nowoczesnego patriotyzmu TMZC stara si\u0119 wdra\u017ca\u0107 nowe pomys\u0142y, aby przybli\u017caj\u0105c m\u0142odemu pokoleniu dzieje Ziemi Ciechanowskiej wzmocni\u0107 emocjonalne wi\u0119zi z miejscem, w kt\u00f3rym si\u0119 urodzili\u015bmy i w kt\u00f3rym przysz\u0142o nam \u017cy\u0107.<\/p>\n","protected":false},"excerpt":{"rendered":"<p>Towarzystwo Mi\u0142o\u015bnik\u00f3w Ziemi Ciechanowskiej jako jedno z pierwszych tego typu stowarzysze\u0144 w Polsce powsta\u0142o 12 maja 1957 roku. To wtedy na pierwszym zebraniu organizacyjnym w Powiatowym Domu Kultury w Ciechanowie, przy ulicy Warszawskiej zebra\u0142a si\u0119 grupa 65 spo\u0142ecznik\u00f3w wiedzionych potrzeb\u0105 &hellip; <a href=\"https:\/\/tmzc.pl\/index.php\/historia-tmzc\/\">Czytaj dalej <span class=\"meta-nav\">&rarr;<\/span><\/a><\/p>\n","protected":false},"author":1,"featured_media":0,"parent":0,"menu_order":4,"comment_status":"closed","ping_status":"closed","template":"","meta":{"ngg_post_thumbnail":0,"footnotes":""},"class_list":["post-20","page","type-page","status-publish","hentry"],"_links":{"self":[{"href":"https:\/\/tmzc.pl\/index.php\/wp-json\/wp\/v2\/pages\/20","targetHints":{"allow":["GET"]}}],"collection":[{"href":"https:\/\/tmzc.pl\/index.php\/wp-json\/wp\/v2\/pages"}],"about":[{"href":"https:\/\/tmzc.pl\/index.php\/wp-json\/wp\/v2\/types\/page"}],"author":[{"embeddable":true,"href":"https:\/\/tmzc.pl\/index.php\/wp-json\/wp\/v2\/users\/1"}],"replies":[{"embeddable":true,"href":"https:\/\/tmzc.pl\/index.php\/wp-json\/wp\/v2\/comments?post=20"}],"version-history":[{"count":18,"href":"https:\/\/tmzc.pl\/index.php\/wp-json\/wp\/v2\/pages\/20\/revisions"}],"predecessor-version":[{"id":754,"href":"https:\/\/tmzc.pl\/index.php\/wp-json\/wp\/v2\/pages\/20\/revisions\/754"}],"wp:attachment":[{"href":"https:\/\/tmzc.pl\/index.php\/wp-json\/wp\/v2\/media?parent=20"}],"curies":[{"name":"wp","href":"https:\/\/api.w.org\/{rel}","templated":true}]}}