{"id":22,"date":"2021-12-25T21:39:48","date_gmt":"2021-12-25T20:39:48","guid":{"rendered":"http:\/\/tmzc.pl\/?page_id=22"},"modified":"2022-10-06T22:58:33","modified_gmt":"2022-10-06T20:58:33","slug":"patron-tmzc","status":"publish","type":"page","link":"https:\/\/tmzc.pl\/index.php\/patron-tmzc\/","title":{"rendered":"Patron TMZC"},"content":{"rendered":"<p style=\"text-align: justify;\"><strong>Doktor Franciszek Rajkowski<\/strong><\/p>\n<p style=\"text-align: justify;\">Franciszek Rajkowski urodzi\u0142 si\u0119 4 stycznia&nbsp;1848&nbsp;roku we wsi&nbsp;Jarluty Wielkie &nbsp;pod&nbsp;Ciechanowem. Ten znany lekarz i spo\u0142ecznik ciechanowski przyszed\u0142 na \u015bwiat w rodzinie ch\u0142opskiej jako syn Ignacego i Joanny z domu Wi\u0119ckiewicz. Pierwsze nauki pobiera\u0142 w domu rodzinnym, a potem w szk\u00f3\u0142ce organisty w&nbsp;Lekowie. Nast\u0119pnie ucz\u0119szcza\u0142 do szko\u0142y powiatowej w&nbsp;M\u0142awie. W 1866 roku uzyska\u0142 matur\u0119 w III gimnazjum rosyjskim w Warszawie. W czasie studi\u00f3w na Wydziale Lekarskim Szko\u0142y G\u0142\u00f3wnej Warszawskiej pozostawa\u0142 pod wp\u0142ywem profesora&nbsp;Tytusa Cha\u0142ubi\u0144skiego, kt\u00f3ry przyj\u0105\u0142 go jako asystenta przy swojej katedrze. Po uko\u0144czeniu studi\u00f3w w 1871 r. otrzyma\u0142 stypendium i kszta\u0142ci\u0142 si\u0119 w&nbsp;Wiedniu. M\u00f3g\u0142 zrobi\u0107 w\u00f3wczas wielk\u0105 karier\u0119 i w przysz\u0142o\u015bci jako zdolny stypendysta obj\u0105\u0107 katedr\u0119 profesorsk\u0105. Postanowi\u0142 jednak wkr\u00f3tce, od 1872 roku osi\u0105\u015b\u0107 w Ciechanowie, by nie\u015b\u0107 pomoc lekarsk\u0105 ubogiej ludno\u015bci i szerzy\u0107 o\u015bwiat\u0119 sanitarn\u0105. Stara\u0142 si\u0119 te\u017c wykorzenia\u0107 zabobony, chocia\u017c ceni\u0142 i propagowa\u0142 medycyn\u0119 ludow\u0105. Jego pacjentami byli cz\u0119sto mieszka\u0144cy tak odleg\u0142ych miejscowo\u015bci jak Nowy Dw\u00f3r, P\u0142o\u0144sk, M\u0142awa, Przasnysz, R\u00f3\u017can, Krasnosielec, Kuczbork i inne.<br \/>\nRajkowski pracowa\u0142 z wielkim po\u015bwi\u0119ceniem, nie przywi\u0105zywa\u0142 wagi do stanu swojego zdrowia, pory dnia czy pogody Ju\u017c po kilku latach pracy zyska\u0142 uznanie mieszka\u0144c\u00f3w Ciechanowa. Znany pozytywista i zarazem jego przyjaciel Aleksander \u015awi\u0119tochowski tak pisa\u0142 o nim: \u201eWidzia\u0142em jak ca\u0142ymi miesi\u0105ca minie przespa\u0142 ani jednej nocy w \u0142\u00f3\u017cku, jak wywo\u017cono go gwa\u0142tem z domu, zm\u0119czonego porywano w drodze, przew\u0142\u00f3czono przez najokropniejsze wertepy i najstraszniejsze szarugi, a on zawsze \u015bpieszy\u0142 z pomoc\u0105, ch\u0119tny, \u017cyczliwy, bezinteresowny, nikomu swych us\u0142ug nie odmawiaj\u0105cy niebezpiecze\u0144stwem chorych tak zaniepokojony, jak gdyby w nich ukochane osoby mia\u0142 straci\u0107.\u201d<br \/>\nDoktor Franciszek Rajkowski stale doskonali\u0142 swoj\u0105 wiedz\u0119. Wyg\u0142asza\u0142 odczyty popularnonaukowe, w kt\u00f3rych wskazywa\u0142 na metody zapobiegania chorobom, propagowa\u0142 zakazan\u0105 literatur\u0119 polityczn\u0105. Prenumerowa\u0142 kilkana\u015bcie tytu\u0142\u00f3w prasowych, w tym wszystkie krajowe i niekt\u00f3re zagraniczne czasopisma medyczne. By\u0142 wsp\u00f3\u0142za\u0142o\u017cycielem i akcjonariuszem&nbsp;Medycyny. Wiele publikowa\u0142. Aktywnie uczestniczy\u0142 niemal we wszystkich wa\u017cniejszych zjazdach lekarskich w kraju i za granic\u0105.<br \/>\nW 1876 roku kiedy wybuch\u0142a wojna rosyjsko-turecka doktor Franciszek Rajkowski zosta\u0142 powo\u0142any do wojska, na stanowisko naczelnego lekarza w garnizonie sewastopolskim, a nast\u0119pnie w Odessie. Za wykrycie nadu\u017cy\u0107 personelu szpitalnego (piel\u0119gniarki do ampu\u0142ek z chinin\u0105 znajduj\u0105cych si\u0119 w szpitalnej apteczce wstrzykiwa\u0142y wod\u0119, a chinin\u0119 sprzedawa\u0142y) zosta\u0142 uhonorowany nagrod\u0105 pieni\u0119\u017cn\u0105 i urlopem. Orderu za wiern\u0105 s\u0142u\u017cb\u0119 jednak\u017ce nie przyj\u0105\u0142.&nbsp;Powr\u00f3ci\u0142 do Ciechanowa, gdzie kontynuowa\u0142 swoj\u0105 medyczn\u0105 misj\u0119. W 1894 r. zaanga\u017cowa\u0142 si\u0119 w zwalczanie epidemii&nbsp;cholery, kt\u00f3ra zasi\u0119giem swoim obj\u0119\u0142a ca\u0142e niemal Mazowsze. Chocia\u017c nie by\u0142a tak gro\u017ana jak ta z 1852 roku, poch\u0142on\u0119\u0142a setki ofiar. Wielu lekarzy ogarni\u0119tych panik\u0105, uciek\u0142o. Rajkowski pozosta\u0142 jako jedyny w powiecie ciechanowskim. Otrzyma\u0142 od gubernatora na ten czas specjalne pe\u0142nomocnictwa, kt\u00f3re sam wprowadzi\u0142 i zdo\u0142a\u0142 wcze\u015bniej ni\u017c gdzie indziej powstrzyma\u0107 epidemi\u0119. Z jego inicjatywy dosz\u0142o r\u00f3wnie\u017c do otwarcia pierwszego szpitala w Ciechanowie, a w\u0142a\u015bciwie lecznicy w 1899 r. o czym donosi\u0142y \u201eEcha P\u0142ockie i \u0141om\u017cy\u0144skie\u201d.<br \/>\nFranciszek Rajkowski zainicjowa\u0142 wiele przedsi\u0119wzi\u0119\u0107 na niwie spo\u0142eczno-gospodarczej i kulturalnej Ciechanowa. By\u0142 za\u0142o\u017cycielem i udzia\u0142owcem Sp\u00f3\u0142ki Akcyjnej Fabryki Cukru, kt\u00f3ra powsta\u0142a na terenie jego maj\u0105tku w&nbsp;Szczurzynie. Odegra\u0142 znacz\u0105c\u0105 rol\u0119 w powstaniu w 1882 roku i funkcjonowaniu Ciechanowskiej Stra\u017cy Ogniowej. By\u0142 pierwszym prezesem Towarzystwa Wzajemnego Kredytu. Z osob\u0105 Rajkowskiego wi\u0105\u017ce si\u0119 te\u017c powstanie w Ciechanowie Oddzia\u0142u Towarzystwa Kultury Polskiej i Domu Ludowego w 1907 roku, na kt\u00f3rego siedzib\u0119 przeznaczy\u0142 po\u0142ow\u0119 swojego domu. Rajkowski obj\u0105\u0142 r\u00f3wnie\u017c mecenat nad m\u0142odymi utalentowanymi artystami&nbsp;Boles\u0142awem Biegasem&nbsp;i&nbsp;Henrykiem Kun\u0105. Ostatnim jego dzie\u0142em, najtrudniejszym i zarazem najbole\u015bniejszym by\u0142o utworzenie szko\u0142y rolniczej w Soko\u0142\u00f3wku, na kt\u00f3r\u0105 sw\u00f3j maj\u0105tek przeznaczy\u0142 w\u0142a\u015bciciel Soko\u0142\u00f3wka Tomasz Klonowski.<br \/>\nDoktor Franciszek Rajkowski zmar\u0142 15 pa\u017adziernika 1908 roku w Ciechanowie i pochowany zosta\u0142 na miejscowym cmentarzu przy ulicy P\u0142o\u0144skiej. \u201eG\u0142os P\u0142ocki\u201d pisa\u0142 w\u00f3wczas m. in.<br \/>\n\u201e\u2026 zmar\u0142 w Ciechanowie, prze\u017cywszy lat 59 urodzony w Ziemi Ciechanowskiej, syn niezamo\u017cnych rodzic\u00f3w spod strzechy wie\u015bniaczej, przy silnej woli i energicznej pracy, zdo\u0142a\u0142 chlubnie uko\u0144czy\u0107 wydzia\u0142 medycyny w Szkole G\u0142\u00f3wnej, po czym odbywszy kampani\u0119 na wojnie tureckiej, osiad\u0142 w Ciechanowie i odda\u0142 si\u0119 pracy lekarskiej\u201d. Jego przyjaciel, profesor Tytus Cha\u0142ubi\u0144ski powiedzia\u0142 o nim: \u201eOw\u00f3\u017c cz\u0142owieka, kt\u00f3ry by tak kocha\u0142 ludzi, jak Rajkowski, nie spotka\u0142em\u201d.<br \/>\nNie dziwi zatem fakt, \u017ce Towarzystwo Mi\u0142o\u015bnik\u00f3w Ziemi Ciechanowskiej od pocz\u0105tku swojej dzia\u0142alno\u015bci dostrzeg\u0142o w doktorze Franciszku Rajkowskim protoplast\u0119 swojego spo\u0142ecznikowskiego dzia\u0142ania, tote\u017c w dniu 23 pa\u017adziernika 2021 roku podczas walnego zgromadzenia obra\u0142o go na patrona swojego stowarzyszenia. Trudno przecie\u017c o lepszy wz\u00f3r szlachetnego cz\u0142owieka, gor\u0105cego patrioty i oddanego spo\u0142ecznika po\u015bwi\u0119caj\u0105cego ca\u0142e swoje \u017cycie naszemu miastu i ca\u0142ej Ziemi Ciechanowskiej. Nale\u017cy podkre\u015bli\u0107, \u017ce imieniem doktora Franciszka Rajkowskiego zatytu\u0142owano 40 lat wcze\u015bniej, od 1981 roku, nagrod\u0119 przyznawan\u0105 corocznie przez Towarzystwo Mi\u0142o\u015bnik\u00f3w Ziemi Ciechanowskiej najbardziej zas\u0142u\u017conym ciechanowianom.<\/p>\n","protected":false},"excerpt":{"rendered":"<p>Doktor Franciszek Rajkowski Franciszek Rajkowski urodzi\u0142 si\u0119 4 stycznia&nbsp;1848&nbsp;roku we wsi&nbsp;Jarluty Wielkie &nbsp;pod&nbsp;Ciechanowem. Ten znany lekarz i spo\u0142ecznik ciechanowski przyszed\u0142 na \u015bwiat w rodzinie ch\u0142opskiej jako syn Ignacego i Joanny z domu Wi\u0119ckiewicz. Pierwsze nauki pobiera\u0142 w domu rodzinnym, a &hellip; <a href=\"https:\/\/tmzc.pl\/index.php\/patron-tmzc\/\">Czytaj dalej <span class=\"meta-nav\">&rarr;<\/span><\/a><\/p>\n","protected":false},"author":1,"featured_media":0,"parent":0,"menu_order":5,"comment_status":"closed","ping_status":"closed","template":"","meta":{"ngg_post_thumbnail":0,"footnotes":""},"class_list":["post-22","page","type-page","status-publish","hentry"],"_links":{"self":[{"href":"https:\/\/tmzc.pl\/index.php\/wp-json\/wp\/v2\/pages\/22","targetHints":{"allow":["GET"]}}],"collection":[{"href":"https:\/\/tmzc.pl\/index.php\/wp-json\/wp\/v2\/pages"}],"about":[{"href":"https:\/\/tmzc.pl\/index.php\/wp-json\/wp\/v2\/types\/page"}],"author":[{"embeddable":true,"href":"https:\/\/tmzc.pl\/index.php\/wp-json\/wp\/v2\/users\/1"}],"replies":[{"embeddable":true,"href":"https:\/\/tmzc.pl\/index.php\/wp-json\/wp\/v2\/comments?post=22"}],"version-history":[{"count":5,"href":"https:\/\/tmzc.pl\/index.php\/wp-json\/wp\/v2\/pages\/22\/revisions"}],"predecessor-version":[{"id":758,"href":"https:\/\/tmzc.pl\/index.php\/wp-json\/wp\/v2\/pages\/22\/revisions\/758"}],"wp:attachment":[{"href":"https:\/\/tmzc.pl\/index.php\/wp-json\/wp\/v2\/media?parent=22"}],"curies":[{"name":"wp","href":"https:\/\/api.w.org\/{rel}","templated":true}]}}