{"id":24,"date":"2021-12-25T21:40:25","date_gmt":"2021-12-25T20:40:25","guid":{"rendered":"http:\/\/tmzc.pl\/?page_id=24"},"modified":"2023-05-08T20:52:55","modified_gmt":"2023-05-08T18:52:55","slug":"czlonkowie","status":"publish","type":"page","link":"https:\/\/tmzc.pl\/index.php\/czlonkowie\/","title":{"rendered":"Cz\u0142onkowie"},"content":{"rendered":"<p>ALFABETYCZNA EWIDENCJA CZ\u0141ONK\u00d3W TOWARZYSTWA MI\u0141O\u015aNIK\u00d3W ZIEMI CIECHANOWSKIEJ<br \/>\nw\/g stanu maj 2022 r.<\/p>\n<p>1. Adamkiewicz Krystyna, Ciechan\u00f3w<br \/>\n2. Adamkiewicz Maciej, Ciechan\u00f3w<br \/>\n3. Anto\u015bkiewicz Iwona, Ciechan\u00f3w<br \/>\n4. Balicka Wanda, Ciechan\u00f3w<br \/>\n5. Banasiak Piotr, Ciechan\u00f3w<br \/>\n6. Barbarski Lech, Ciechan\u00f3w<br \/>\n7. Bartnicka Domicela, Ciechan\u00f3w<br \/>\n8. Bartnik Janina, Ciechan\u00f3w<br \/>\n9. Bartoszko Zbigniew, Regimin<br \/>\n10. Bayer Andrzej, Ciechan\u00f3w<br \/>\n11. Bielasta Barbara, Ciechan\u00f3w<br \/>\n12. Blankiewicz Ewa Ma\u0142gorzata, Ciechan\u00f3w<br \/>\n13. Blicharska Urszula, Ciechan\u00f3w<br \/>\n14. Blicharski Andrzej, Ciechan\u00f3w<br \/>\n15. Bonis\u0142awska Hanna, Ciechan\u00f3w<br \/>\n16. Borkowska Gra\u017cyna, Ciechan\u00f3w<br \/>\n17. Borkowski J\u00f3zef, Ciechan\u00f3w<br \/>\n18. Bralski Dariusz, Ciechan\u00f3w<br \/>\n19. Brzezi\u0144ska Zofia, Ciechan\u00f3w<br \/>\n20. Bugajewska Maria, Warszawa<br \/>\n21. Bugajewski Grzegorz, Warszawa<br \/>\n22. Bukowski Tadeusz, Ciechan\u00f3w<br \/>\n23. Burba Wies\u0142aw, Ciechan\u00f3w<br \/>\n24. Burkacka Bogus\u0142awa, Ciechan\u00f3w<br \/>\n25. Celmer Romuald, Ciechan\u00f3w<br \/>\n26. Chmielecki Dariusz, Ciechan\u00f3w<br \/>\n27. Chodkowski Cezary, Ciechan\u00f3w<br \/>\n28. Chojnacka Ewa, Ciechan\u00f3w<br \/>\n29. Chojnowski Stefan, Sobokl\u0119szcz<br \/>\n30. Cichecki Zbigniew, Ciechan\u00f3w<br \/>\n31. Cichowski Andrzej, Ciechan\u00f3w<br \/>\n32. Ciok Daniel, Ciechan\u00f3w<br \/>\n33. Czerwi\u0144ska Gra\u017cyna, Ciechan\u00f3w<br \/>\n34. Czerwi\u0144ski Tomasz, Ciechan\u00f3w<br \/>\n35. Czopik Janusz, Ciechan\u00f3w<br \/>\n36. Czy\u017cewski Andrzej, Ciechan\u00f3w<br \/>\n37. D\u0105browski Zdzis\u0142aw, Ciechan\u00f3w<br \/>\n38. Dejnakowski Adam, Ciechan\u00f3w<br \/>\n39. Derbin Barbara, Ciechan\u00f3w<br \/>\n40. Derbin Gra\u017cyna, Ciechan\u00f3w<br \/>\n41. Derbin Jaros\u0142aw, Ciechan\u00f3w<br \/>\n42. D\u0142ugo\u0142\u0119cka Stanis\u0142awa El\u017cbieta, Ciechan\u00f3w<br \/>\n43. D\u0142ugo\u0142\u0119cki \u0141ukasz, Warszawa<br \/>\n44. D\u0142ugok\u0119cki Krzysztof, Ciechan\u00f3w<br \/>\n45. D\u0142ugoszewska-Nadratowska Hanna, Ciechan\u00f3w<br \/>\n46. D\u0142u\u017cy\u0144ski Andrzej, Ciechan\u00f3w<br \/>\n47. Drzewiecka Danuta, Ciechan\u00f3w<br \/>\n48. Dworecka Teresa, Ciechan\u00f3w<br \/>\n49. Dzienkiewicz Barbara, Ciechan\u00f3w<br \/>\n50. Dzili\u0144ska Maria, Ciechan\u00f3w<br \/>\n51. Eichler Norbert, Handelsleben, Niemcy<br \/>\n52. Fabisiak Iwona, Ciechan\u00f3w<br \/>\n53. Fabisiak Zofia, Ciechan\u00f3w<br \/>\n54. Fal\u0119cki Tomasz, Kargoszyn<br \/>\n55. Falkowska Joanna, Ciechan\u00f3w<br \/>\n56. Falkowski Miros\u0142aw, Ciechan\u00f3w<br \/>\n57. Fedorczuk Tatiana, Ciechan\u00f3w<br \/>\n58. G\u0105siorowska Alicja, Ciechan\u00f3w<br \/>\n59. G\u0105siorowski Lech, Marek, Ciechan\u00f3w<br \/>\n60. Gesek Dorota, Ciechan\u00f3w<br \/>\n61. Gesek Krystyna, Ciechan\u00f3w<br \/>\n62. Gesek Leszek, Ciechan\u00f3w<br \/>\n63. Gesek Wojciech, Ciechan\u00f3w<br \/>\n64. G\u0142adysz Ewa, Ciechan\u00f3w<br \/>\n65. G\u0142uszniewska Aneta Anna, Ciechan\u00f3w<br \/>\n66. Gmurczyk Andrzej, Ciechan\u00f3w<br \/>\n67. Gmurczyk Irena, Ciechan\u00f3w<br \/>\n68. Gmurczyk Konrad, Ciechan\u00f3w<br \/>\n69. Golba Barbara, Ciechan\u00f3w<br \/>\n70. Gortat S\u0142awomir, Ciechan\u00f3w<br \/>\n71. Gotz Andrzej, Ciechan\u00f3w<br \/>\n72. G\u00f3rska Gra\u017cyna, Ciechan\u00f3w<br \/>\n73. Grabowska Izabella, Ciechan\u00f3w<br \/>\n74. Ks. Graczyk Eugeniusz, Ciechan\u00f3w<br \/>\n75. Grochowska Ma\u0142gorzata, Ciechan\u00f3w<br \/>\n76. Grudzi\u0144ska Jolanta Anna, Ciechan\u00f3w<br \/>\n77. Grzankowska Halina, Ciechan\u00f3w<br \/>\n78. Grzankowski Bernard, Ciechan\u00f3w<br \/>\n79. Grzankowska Katarzyna, Ciechan\u00f3w<br \/>\n80. Grzankowski Robert, Ciechan\u00f3w<br \/>\n81. Gumulak Tomasz, Ciechan\u00f3w<br \/>\n82. Ks. Hubert Wojciech, Ciechan\u00f3w<br \/>\n83. Humi\u0119cka Zofia, Ciechan\u00f3w<br \/>\n84. Jab\u0142o\u0144ski Piotr, Ciechan\u00f3w<br \/>\n85. Jakubowska Izabela, Ciechan\u00f3w<br \/>\n86. Janakakos-Szyma\u0144ska Janina Aniela, Ciechan\u00f3w<br \/>\n87. Jank Barbara, Ciechan\u00f3w<br \/>\n88. Jaszczak Mieczys\u0142aw, Wola Rz\u0119dzi\u0144ska<br \/>\n89. J\u0119druszczak Katarzyna, Ciechan\u00f3w<br \/>\n90. J\u0119drzejewski Stanis\u0142aw, Kraszewo<br \/>\n91. Jurkowski Sylwester, Dariusz<br \/>\n92. Kacprzak Krzysztof, Go\u0142otczyzna<br \/>\n93. Kaczorowska Teresa, Ciechan\u00f3w<br \/>\n94. Kaczy\u0144ska Ewa, Ciechan\u00f3w<br \/>\n95. Kaflowski Zbigniew, Ciechan\u00f3w<br \/>\n96. Kalinowski Miros\u0142aw, Ciechan\u00f3w<br \/>\n97. Kami\u0144ska Barbara, Ciechan\u00f3w<br \/>\n98. Kami\u0144ski Wojciech, Ciechan\u00f3w<br \/>\n99. Kapczy\u0144ska Bo\u017cena, Ciechan\u00f3w<br \/>\n100. K\u0105cki Ireneusz, Ciechan\u00f3w<br \/>\n101. Kiszkurno Joanna, Ciechan\u00f3w<br \/>\n102. Klonowska Maria, Ciechan\u00f3w<br \/>\n103. Koba \u2013 Mierzejewska Izabela, Ciechan\u00f3w<br \/>\n104. Kociszewski Aleksander, Ciechan\u00f3w<br \/>\n105. Kolasa Andrzej, Ciechan\u00f3w<br \/>\n106. Ko\u0142tun Maria, Ciechan\u00f3w<br \/>\n107. Kordowska Agnieszka, Go\u0142ymin<br \/>\n108. Korzybska Agnieszka, Ciechan\u00f3w<br \/>\n109. Korzybska Jadwiga, Ciechan\u00f3w<br \/>\n110. Korzybski Adam, Ciechan\u00f3w<br \/>\n111. Kowalewski Andrzej, Ciechan\u00f3w<br \/>\n112. Kowalik Renata, Ciechan\u00f3w<br \/>\n113. Kowalska Ma\u0142gorzata, Ciechan\u00f3w<br \/>\n114. Kowalski Krzysztof, Ciechan\u00f3w<br \/>\n115. Kowalski Miros\u0142aw, Ciechan\u00f3w<br \/>\n116. Koz\u0142owski Andrzej, Ciechan\u00f3w<br \/>\n117. Koz\u0142owski Waldemar, Sopot<br \/>\n118. Ko\u017alakiewicz Miros\u0142aw, Kunki, Szre\u0144sk<br \/>\n119. Krakowski Pawe\u0142, G\u0105socin<br \/>\n120. Kraszewska Jolanta, Agnieszka<br \/>\n121. Kr\u00f3lewiecki Mariusz, Ciechan\u00f3w<br \/>\n122. Kryszewska Dorota, Ciechan\u00f3w<br \/>\n123. Kryszewski Aleksander, Ciechan\u00f3w<br \/>\n124. Krzemi\u0144ski Adam, Ciechan\u00f3w<br \/>\n125. Krzemi\u0144ska Aldona, Ciechan\u00f3w<br \/>\n126. Ksi\u0119\u017cakowska Halina, Ciechan\u00f3w<br \/>\n127. Kubi\u0144ski S\u0142awomir, Ciechan\u00f3w<br \/>\n128. Kuczy\u0144ska Ewa, Ciechan\u00f3w<br \/>\n129. Kukli\u0144ski Jerzy, Ciechan\u00f3w<br \/>\n130. Kurzynka Marek, Ciechan\u00f3w<br \/>\n131. Kuskowska Agnieszka, Ciechan\u00f3w<br \/>\n132. Kuskowski Piotr, Ciechan\u00f3w<br \/>\n133. Ku\u017aniewski Krzysztof, Ciechan\u00f3w<br \/>\n134. Landau Agnieszka, Londyn<br \/>\n135. Lawrenc Marta, Ciechan\u00f3w<br \/>\n136. Lech Bo\u017cena, Ciechan\u00f3w<br \/>\n137. Le\u015bniewska Maria, Ciechan\u00f3w<br \/>\n138. Le\u015bniewski Aleksander, Ciechan\u00f3w<br \/>\n139. Lewandowska Eugenia, Ciechan\u00f3w<br \/>\n140. Lizak El\u017cbieta, Ciechan\u00f3w<br \/>\n141. Makijonko Dariusz, Ciechan\u00f3w<br \/>\n142. Makijonko Joanna, Ciechan\u00f3w<br \/>\n143. Malinowska Paszkowska Joanna, Ciechan\u00f3w<br \/>\n144. Malinowska Lidia, Ciechan\u00f3w<br \/>\n145. Malinowski Leszek, Ciechan\u00f3w<br \/>\n146. Malinowski Leszek, Pokrzywnica<br \/>\n147. Malinowski Robert, Ciechan\u00f3w<br \/>\n148. Marchel El\u017cbieta, Ciechan\u00f3w<br \/>\n149. Marchlewski Dariusz, Ciechan\u00f3w<br \/>\n150. Marciniak Henryk, Ciechan\u00f3w<br \/>\n151. Marcinkowski Marek, O\u015bcis\u0142owo<br \/>\n152. Markiewicz Marianna, Ciechan\u00f3w<br \/>\n153. Maruszewska Barbara, Ciechan\u00f3w<br \/>\n154. Mi\u0105czy\u0144ski Miros\u0142aw, Ciechan\u00f3w<br \/>\n155. Mijakowska Eleonora, Ciechan\u00f3w<br \/>\n156. Mijakowski Witold, Ciechan\u00f3w<br \/>\n157. Miko\u0142ajczak Zbigniew, Ciechan\u00f3w<br \/>\n158. Mitter Marta, Ciechan\u00f3w<br \/>\n159. Mitter Piotr, Ciechan\u00f3w<br \/>\n160. Mossakowska Bibiana, Warszawa<br \/>\n161. Ks. Mossakowski Zenon, Rybienko k\/Wyszkowa<br \/>\n162. M\u00f3rawski Ryszard, Ciechan\u00f3w<br \/>\n163. Nadaj Roman Pawe\u0142, Sarnowa G\u00f3ra<br \/>\n164. Nadratowska-Malinowska Dorota, Ciechan\u00f3w<br \/>\n165. Nasierowska Bogumi\u0142a, Ciechan\u00f3w<br \/>\n166. Nawrocki Zbigniew, Ciechan\u00f3w<br \/>\n167. Niesiob\u0119dzki Jan, Ciechan\u00f3w<br \/>\n168. Niest\u0119pski Wojciech, Ciechan\u00f3w<br \/>\n169. Niewiadomski Jerzy, Ciechan\u00f3w<br \/>\n170. Obojski Wojciech, Ciechan\u00f3w<br \/>\n171. Ogonowski Marek, Ciechanow<br \/>\n172. Olkowska Marianna, Ciechan\u00f3w<br \/>\n173. Olszak Andrzej, Ciechan\u00f3w<br \/>\n174. Olszewska Violetta,<br \/>\n175. Olszewski Adam,<br \/>\n176. Olszewski Kazimierz, Ciechan\u00f3w<br \/>\n177. Omieci\u0144ski Jerzy, Ciechan\u00f3w<br \/>\n178. Orysiak Sylwester, Ciechan\u00f3w<br \/>\n179. Orysiak Jadwiga, Ciechan\u00f3w<br \/>\n180. Osi\u0144ski Maciej, Ciechan\u00f3w<br \/>\n181. Ostaszewska Jolanta, Ciechan\u00f3w<br \/>\n182. Ostromecki Krzysztof, Ciechan\u00f3w<br \/>\n183. Ostrowski Adam Marian, Ciechan\u00f3w<br \/>\n184. Ozdarski Boles\u0142aw, Ciechan\u00f3w<br \/>\n185. Paszkowski Wojciech, Ciechan\u00f3w<br \/>\n186. Pawlak Jan, M\u0142awa<br \/>\n187. Paw\u0142owska Agata, Ciechan\u00f3w<br \/>\n188. Penda Piotr, Ciechan\u00f3w<br \/>\n189. Petryczko Anna, Ciechan\u00f3w<br \/>\n190. Petryczko Miros\u0142aw, Ciechan\u00f3w<br \/>\n191. Piasecka Barbara, Ciechan\u00f3w<br \/>\n192. Pikus Tadeusz, Ciechan\u00f3w<br \/>\n193. Piotrowski Andrzej, Ciechan\u00f3w<br \/>\n194. Piotrowski Marek, Gogole \u2013 Go\u0142ymin O\u015brodek<br \/>\n195. Piotrowski Zdzis\u0142aw, Ciechan\u00f3w<br \/>\n196. P\u0142oski Krystyn, Ciechan\u00f3w<br \/>\n197. Podg\u00f3rski Zdzis\u0142aw, Go\u0142otczyzna<br \/>\n198. Podlecka Anna, Ciechan\u00f3w<br \/>\n199. Podlecki Jerzy, Ciechan\u00f3w<br \/>\n200. Pogorzelski Marek, Ciechan\u00f3w<br \/>\n201. Polakowski Jan Stanis\u0142aw, Ciechan\u00f3w<br \/>\n202. Polakowski Miros\u0142aw, Ciechan\u00f3w<br \/>\n203. Porowska Ma\u0142gorzata, Ciechan\u00f3w<br \/>\n204. Porowski Przemys\u0142aw, Ciechan\u00f3w<br \/>\n205. Prus Boles\u0142aw, Ciechan\u00f3w<br \/>\n206. Przeorek Jerzy, Ciechan\u00f3w<br \/>\n207. Przyby\u0142owska Jolanta Barbara, Ciechan\u00f3w<br \/>\n208. Pszcz\u00f3\u0142kowska-Plichta Maria, Ciechan\u00f3w<br \/>\n209. Ptasiewicz Zbigniew, Ciechan\u00f3w<br \/>\n210. Radomski Piotr, Ciechan\u00f3w<br \/>\n211. Ra\u017aniewski Robert, Ciechan\u00f3w<br \/>\n212. Rogalska Gra\u017cyna, Prz\u0105\u017cewo<br \/>\n213. Rolbiecki Andrzej, Ciechan\u00f3w<br \/>\n214. Ropelewska Barbara, Ciechan\u00f3w<br \/>\n215. R\u00f3\u017calski Wincenty, Ciechan\u00f3w<br \/>\n216. Rutkowska Maria, Ciechan\u00f3w<br \/>\n217. Rutkowska Rados\u0142awa, Ciechan\u00f3w<br \/>\n218. Rutkowski Janusz, Ciechan\u00f3w<br \/>\n219. Rybak Paulina, Warszawa<br \/>\n220. Rybak S\u0142awomir, Warszawa<br \/>\n221. Rybak Tomasz, Warszawa<br \/>\n222. Rybak Waldemar, Warszawa<br \/>\n223. Rybicki W\u0142odzimierz Jan, Ciechan\u00f3w<br \/>\n224. Ryms Leszek, Ciechan\u00f3w<br \/>\n225. Rzeczkowska Jadwiga Wanda, Wo\u0142omin<br \/>\n226. Rzepli\u0144ska Ma\u0142gorzata, Prz\u0105\u017cewo<br \/>\n227. Rzepli\u0144ski Andrzej, Warszawa<br \/>\n228. Rzepli\u0144ski Jan, Prz\u0105\u017cewo<br \/>\n229. Sadowska Agata Barbara, Ciechan\u00f3w<br \/>\n230. Sadowska Barbara, Ciechan\u00f3w<br \/>\n231. Sadowska El\u017cbieta Joanna, Ciechan\u00f3w<br \/>\n232. Sadowski Adam, Ciechan\u00f3w<br \/>\n233. Sadowski Eugeniusz, Ciechan\u00f3w<br \/>\n234. Sadowski Pawe\u0142, Ciechan\u00f3w<br \/>\n235. Sadowski Tomasz, Ciechan\u00f3w<br \/>\n236. Sadowski Zdzis\u0142aw, Ciechan\u00f3w<br \/>\n237. Saganek Marek, Ciechan\u00f3w<br \/>\n238. Scharoch Zbigniew, Ciechan\u00f3w<br \/>\n239. Sepe\u0142owska Eliza, Ciechan\u00f3w<br \/>\n240. Siemi\u0105tkowski Zbigniew, Warszawa<br \/>\n241. Sierpi\u0144ska Barbara, Ciechan\u00f3w<br \/>\n242. Silski Zbigniew, Gda\u0144sk<br \/>\n243. Skrzypczy\u0144ska Jadwiga, Ciechan\u00f3w<br \/>\n244. Smoli\u0144ski Waldemar, Ciechan\u00f3w<br \/>\n245. Sobczak Krzysztof, Antoni, Ciechan\u00f3w<br \/>\n246. Sobiech Anna, Ciechan\u00f3w<br \/>\n247. Sobieraj Leonard, Warszawa<br \/>\n248. Sobotko Ryszard S\u0142awomir, Ciechan\u00f3w<br \/>\n249. Soci\u0144ski W\u0142odzimierz, Luszewo<br \/>\n250. Soko\u0142owska Teresa, Ciechan\u00f3w<br \/>\n251. Stangrodzka Ewa, Ciechan\u00f3w<br \/>\n252. Stawicki Mariusz, Ciechan\u00f3w<br \/>\n253. Stawi\u0144ska El\u017cbieta, Warszawa<br \/>\n254. St\u0119pkowski Adam, Ciechan\u00f3w<br \/>\n255. Stryczy\u0144ski Marcin, Ciechan\u00f3w<br \/>\n256. Suchodolska Anna, Ciechan\u00f3w<br \/>\n257. Szadkowski Eugeniusz, Ciechan\u00f3w<br \/>\n258. Szczygielski Dariusz Marek, Ciechan\u00f3w<br \/>\n259. Szempli\u0144ska Barbara, Ciechan\u00f3w<br \/>\n260. Szwejkowski Andrzej, \u017bochy<br \/>\n261. Szwejkowska-Ki\u0144ska Marlena, Ciechan\u00f3w<br \/>\n262. Szyma\u0144czyk Miros\u0142aw, Ciechan\u00f3w<br \/>\n263. Szyma\u0144ski Mariusz, Ciechan\u00f3w<br \/>\n264. \u015aliwczak-Galanciak Bo\u017cena, Ciechan\u00f3w<br \/>\n265. Talak Krzysztof, Ciechan\u00f3w<br \/>\n266. Tokarska-W\u00f3jciak Barbara, Ciechan\u00f3w<br \/>\n267. Tomaszek Henryk, Ciechan\u00f3w<br \/>\n268. Tr\u0119bi\u0144ski Jerzy, Ciechan\u00f3w<br \/>\n269. Tromska Katarzyna, Ciechan\u00f3w<br \/>\n270. Tuszy\u0144ski Andrzej, Ciechan\u00f3w<br \/>\n271. Tyburski Zbigniew, Ciechanow<br \/>\n272. Umi\u0144ska Bogumi\u0142a, Ciechan\u00f3w<br \/>\n273. Wardzi\u0144ski Waldemar, Ciechan\u00f3w<br \/>\n274. Wawszczak Bogus\u0142aw, Ciechan\u00f3w<br \/>\n275. W\u0105do\u0142owska Ma\u0142gorzata, Ciechan\u00f3w<br \/>\n276. Wenda Arkadiusz, Lekowo<br \/>\n277. Wernik Aneta, Ciechan\u00f3w<br \/>\n278. Wernik Bo\u017cena Hanna, Ciechan\u00f3w<br \/>\n279. Wernik Wies\u0142aw, Ciechan\u00f3w<br \/>\n280. Wi\u015bniewski Jacek, Ciechan\u00f3w<br \/>\n281. Wodzi\u0144ski Andrzej, U.S.A.<br \/>\n282. Woicki Tadeusz, Ciechan\u00f3w<br \/>\n283. Wo\u017aniak Artur, Warszawa<br \/>\n284. Wo\u017aniak Krystyna, Ciechan\u00f3w<br \/>\n285. Wr\u00f3blewski Rafa\u0142, Ciechan\u00f3w<br \/>\n286. Wyrzykowski Jerzy, Ciechan\u00f3w<br \/>\n287. Wyzi\u0144ski Wojciech, Ciechan\u00f3w<br \/>\n288. Zaborowska Barbara, Ciechan\u00f3w<br \/>\n289. Zaborowski Krzysztof, Ciechan\u00f3w<br \/>\n290. Zalewska Ewa, Ciechan\u00f3w<br \/>\n291. Zalewski Janusz, Ciechan\u00f3w<br \/>\n292. Zalewski Marek, Ciechan\u00f3w<br \/>\n293. Zembrzycki Zdzis\u0142aw, Dr\u0105\u017cewo, So\u0144sk<br \/>\n294. Zdunek Cezary, Ciechan\u00f3w<br \/>\n295. Zdunek Emilia, Ciechan\u00f3w<br \/>\n296. Zdu\u0144czyk Lech, Marek, Regimin<br \/>\n297. Zjadewicz Tadeusz, Ciechan\u00f3w<br \/>\n298. Zmys\u0142owska Marzanna, Ciechan\u00f3w<br \/>\n299. \u017bbikowska Wanda, Ciechan\u00f3w<br \/>\n300. \u017bbikowski Jan, Ciechan\u00f3w<br \/>\n301. \u017bbikowski Kazimierz, Ciechan\u00f3w<br \/>\n302. \u017bebrowska Teresa, Ciechan\u00f3w<br \/>\n303. \u017bmijewska Danuta, Ciechan\u00f3w<br \/>\n304. \u017bochowski Adam, Ciechan\u00f3w<\/p>\n","protected":false},"excerpt":{"rendered":"<p>ALFABETYCZNA EWIDENCJA CZ\u0141ONK\u00d3W TOWARZYSTWA MI\u0141O\u015aNIK\u00d3W ZIEMI CIECHANOWSKIEJ w\/g stanu maj 2022 r. 1. Adamkiewicz Krystyna, Ciechan\u00f3w 2. Adamkiewicz Maciej, Ciechan\u00f3w 3. Anto\u015bkiewicz Iwona, Ciechan\u00f3w 4. Balicka Wanda, Ciechan\u00f3w 5. Banasiak Piotr, Ciechan\u00f3w 6. Barbarski Lech, Ciechan\u00f3w 7. Bartnicka Domicela, Ciechan\u00f3w &hellip; <a href=\"https:\/\/tmzc.pl\/index.php\/czlonkowie\/\">Czytaj dalej <span class=\"meta-nav\">&rarr;<\/span><\/a><\/p>\n","protected":false},"author":1,"featured_media":0,"parent":0,"menu_order":6,"comment_status":"closed","ping_status":"closed","template":"","meta":{"ngg_post_thumbnail":0,"footnotes":""},"class_list":["post-24","page","type-page","status-publish","hentry"],"_links":{"self":[{"href":"https:\/\/tmzc.pl\/index.php\/wp-json\/wp\/v2\/pages\/24","targetHints":{"allow":["GET"]}}],"collection":[{"href":"https:\/\/tmzc.pl\/index.php\/wp-json\/wp\/v2\/pages"}],"about":[{"href":"https:\/\/tmzc.pl\/index.php\/wp-json\/wp\/v2\/types\/page"}],"author":[{"embeddable":true,"href":"https:\/\/tmzc.pl\/index.php\/wp-json\/wp\/v2\/users\/1"}],"replies":[{"embeddable":true,"href":"https:\/\/tmzc.pl\/index.php\/wp-json\/wp\/v2\/comments?post=24"}],"version-history":[{"count":5,"href":"https:\/\/tmzc.pl\/index.php\/wp-json\/wp\/v2\/pages\/24\/revisions"}],"predecessor-version":[{"id":969,"href":"https:\/\/tmzc.pl\/index.php\/wp-json\/wp\/v2\/pages\/24\/revisions\/969"}],"wp:attachment":[{"href":"https:\/\/tmzc.pl\/index.php\/wp-json\/wp\/v2\/media?parent=24"}],"curies":[{"name":"wp","href":"https:\/\/api.w.org\/{rel}","templated":true}]}}