{"id":43,"date":"2021-12-25T23:37:07","date_gmt":"2021-12-25T22:37:07","guid":{"rendered":"http:\/\/tmzc.pl\/?page_id=43"},"modified":"2022-07-16T14:57:42","modified_gmt":"2022-07-16T12:57:42","slug":"nagroda-im-f-rajkowskiego","status":"publish","type":"page","link":"https:\/\/tmzc.pl\/index.php\/nagroda-im-f-rajkowskiego\/","title":{"rendered":"Nagroda im. F. Rajkowskiego"},"content":{"rendered":"<p style=\"text-align: justify;\"><a href=\"http:\/\/tmzc.pl\/wp-content\/uploads\/2022\/07\/Laur-Ciechanowski.jpg\"><img loading=\"lazy\" decoding=\"async\" class=\"alignleft wp-image-169 size-medium\" src=\"http:\/\/tmzc.pl\/wp-content\/uploads\/2022\/07\/Laur-Ciechanowski-176x300.jpg\" alt=\"Laur Ciechanowski\" width=\"176\" height=\"300\" srcset=\"https:\/\/tmzc.pl\/wp-content\/uploads\/2022\/07\/Laur-Ciechanowski-176x300.jpg 176w, https:\/\/tmzc.pl\/wp-content\/uploads\/2022\/07\/Laur-Ciechanowski-600x1024.jpg 600w, https:\/\/tmzc.pl\/wp-content\/uploads\/2022\/07\/Laur-Ciechanowski-768x1312.jpg 768w, https:\/\/tmzc.pl\/wp-content\/uploads\/2022\/07\/Laur-Ciechanowski-899x1536.jpg 899w, https:\/\/tmzc.pl\/wp-content\/uploads\/2022\/07\/Laur-Ciechanowski-1199x2048.jpg 1199w, https:\/\/tmzc.pl\/wp-content\/uploads\/2022\/07\/Laur-Ciechanowski-300x512.jpg 300w, https:\/\/tmzc.pl\/wp-content\/uploads\/2022\/07\/Laur-Ciechanowski-850x1452.jpg 850w, https:\/\/tmzc.pl\/wp-content\/uploads\/2022\/07\/Laur-Ciechanowski.jpg 1250w\" sizes=\"auto, (max-width: 176px) 100vw, 176px\" \/><\/a>Inicjatyw\u0105 Towarzystwa Mi\u0142o\u015bnik\u00f3w Ziemi Ciechanowskiej jest przyznawana corocznie presti\u017cowa Nagroda im. Franciszka Rajkowskiego. Ustanowiono j\u0105 w 1980 roku na wniosek \u00f3wczesnego prezesa naszego stowarzyszenia &#8211; Edwarda Lewandowskiego. Wyr\u00f3\u017cnienie to wr\u0119czane jest w styczniu ka\u017cdego roku spo\u0142ecznikom, osobom szczeg\u00f3lnie zas\u0142u\u017conym w dziedzinie rozwoju ciechanowskiej kultury. Na pocz\u0105tku nagrod\u0119 t\u0119 przyznawano mieszka\u0144com miasta Ciechanowa, a obecnie wr\u0119czana jest zas\u0142u\u017conym dzia\u0142aczom i spo\u0142ecznikom dzia\u0142aj\u0105cym na terenie Ziemi Ciechanowskiej. Nagroda ta nadawana jest corocznie tylko jednej osobie. Wyj\u0105tkowo, z okazji obchodzonych jubileuszy dzia\u0142alno\u015bci Towarzystwa Mi\u0142o\u015bnik\u00f3w Ziemi Ciechanowskiej, postanowiono dodatkowo przyzna\u0107 r\u00f3wnorz\u0119dn\u0105 nagrod\u0119 w latach: 1982, 1996, 2007 oraz w 2017 roku.<\/p>\n<p style=\"text-align: justify;\">Zmaterializowanym symbolem tej nagrody jest br\u0105zowy odlew ga\u0142\u0105zki lauru z god\u0142em Mazowsza i herbem Ciechanowa, z odpowiednim napisem dedykacyjnym oraz aktem nadania. Nagroda ta spe\u0142nia dwie funkcje. Pierwsza &#8211; to przynosi satysfakcj\u0119 nagrodzonemu z tego, \u017ce jego praca zosta\u0142a dostrze\u017cona i doceniona. Druga &#8211; \u017ce wyr\u00f3\u017cnienie to pobudza inne osoby do podejmowania inicjatyw na rzecz Ma\u0142ej Ojczyzny. Ponadto, nagroda ta upami\u0119tnia posta\u0107 szczeg\u00f3lnie zas\u0142u\u017conego dla Ziemi Ciechanowskiej dr. Franciszka Rajkowskiego uznanego w naszym mie\u015bcie za prekursora spo\u0142ecznikowskiego zaanga\u017cowania.<\/p>\n<p style=\"text-align: justify;\">Nagroda im. Franciszka Rajkowskiego wr\u0119czana jest bardzo uroczy\u015bcie, w odpowiedniej atmosferze, z udzia\u0142em zaproszonych go\u015bci, w\u0142adz lokalnych, medi\u00f3w oraz rodzin laureat\u00f3w. Uroczysto\u015b\u0107 t\u0119 zorganizowan\u0105 zazwyczaj w siedzibie miejscowego Muzeum Szlachty Mazowieckiej prowadzi prezes Towarzystwa. Na jej program sk\u0142ada si\u0119 przedstawienie sylwetki laureata, jego zas\u0142ug, kt\u00f3re w\u0142o\u017cy\u0142 w rozw\u00f3j \u015brodowiska lokalnego. Laudacja ta stanowi jedocze\u015bnie uzasadnienie decyzji o przyznaniu mu tego wyr\u00f3\u017cnienia. Nast\u0119pnie zostaje odczytany akt nadania i uroczyste wr\u0119czenie \u201eLauru Ciechanowskiego\u201d. Potem laureat przyjmuje gratulacje od zaproszonych go\u015bci, rodziny i przyjaci\u00f3\u0142. Uroczysto\u015b\u0107 ko\u0144czy zwykle koncert uzdolnionej m\u0142odzie\u017cy ciechanowskiej Szko\u0142y Muzycznej.<br \/>\nZgodnie z przyj\u0119t\u0105 d\u0142ugoletni\u0105 tradycj\u0105 Towarzystwo corocznie, w okresie karnawa\u0142owym, organizuje r\u00f3wnie\u017c bal na cze\u015b\u0107 laureata, kt\u00f3ry postrzegany jest w \u015brodowisku lokalnym jako \u201eCiechanowianin Roku\u201d. Do tej pory uda\u0142o si\u0119 zorganizowa\u0107 25 takich okoliczno\u015bciowych imprez. Najcz\u0119\u015bciej odbywa\u0142y si\u0119 one w sali bankietowej miejscowego Domu Rzemios\u0142a, a od kilku lat imprezy te sprzyjaj\u0105ce integracji os\u00f3b i \u015brodowisk po\u015bwi\u0119caj\u0105cych si\u0119 dla kultury i rozwoju naszego miasta organizowane s\u0105 w hotelu \u201eAtena\u201d, w Ciechanowie.<\/p>\n<p style=\"text-align: center;\"><strong>CIECHANOWIANIE ROKU<\/strong><br \/>\n<strong>LAUREACI NAGRODY IM. FRANCISZKA RAJKOWSKIEGO<\/strong><br \/>\n<strong>1981-2021<\/strong><\/p>\n<p>Boles\u0142aw Kami\u0144ski &#8211; 1981<br \/>\nJerzy Stanis\u0142aw G\u00f3rski &#8211; 1982<br \/>\nRobert Barto\u0142d \u2013 1982 ( 25 lat TMZC)<br \/>\nW\u0142adys\u0142aw Jab\u0142o\u0144ski &#8211; 1983<br \/>\nStefan Chojnowski &#8211; 1984<br \/>\nTadeusz Grzankowski- 1985<br \/>\nStefan Go\u0142\u0119biowski &#8211; 1986<br \/>\nWac\u0142aw Pikus &#8211; 1987<br \/>\nWincenty Zgliczy\u0144ski &#8211; 1988<br \/>\nStanis\u0142aw Borodzicz &#8211; 1989<br \/>\nJ\u00f3zef Piotrowski &#8211; 1990<br \/>\nEdward Lewandowski &#8211; 1991<br \/>\nJan Korzybski &#8211; 1992<br \/>\nAlfred Borkowski &#8211; 1993<br \/>\nAnna Wojnarowska &#8211; 1994<br \/>\nStanis\u0142aw Hikiert &#8211; 1995<br \/>\nJanusz Kr\u00f3lik -1996<br \/>\nks. inf. Ludomir Kokosi\u0144ski \u2013 1996 (40 lat TMZC)<br \/>\nJerzy Olszewski &#8211; 1997<br \/>\nHanna Kozi\u0144ska &#8211; 1998<br \/>\nStanis\u0142aw Kujawa &#8211; 1999<br \/>\nBernard Grzankowski -2000<br \/>\ndr doc. Aleksander Kociszewski &#8211; 2001<br \/>\nGrzegorz Roszko &#8211; 2002<br \/>\nZygmunt D\u0142ugo\u0142\u0119cki &#8211; 2003<br \/>\nKazimierz Bobi\u0144ski &#8211; 2004<br \/>\nLucyna Janikowa &#8211; 2005<br \/>\nMarek Zalewski &#8211; 2006<br \/>\ndr Teresa Kaczorowska &#8211; 2007<br \/>\nEugeniusz Sadowski &#8211; 2007 (50 lat TMZC)<br \/>\nJ\u00f3zef Malinowski &#8211; 2008<br \/>\nZygmunt Blankiewicz &#8211; 2009<br \/>\nBarbara Bielasta &#8211; 2010<br \/>\nMariusz G\u00f3rski &#8211; 2011<br \/>\nZdzis\u0142aw Moszczy\u0144ski &#8211; 2012<br \/>\nAndrzej Szwejkowski &#8211; 2013<br \/>\nZofia Hanna Morawska-Tybuchowska &#8211; 2014<br \/>\nAndrzej Piotrowski &#8211; 2015<br \/>\ndr Zbigniew Ptasiewicz &#8211; 2016<br \/>\nks. pra\u0142. Eugeniusz Graczyk \u2013 2017 60 lat (TMZC)<br \/>\nStanis\u0142aw Anto\u015bkiewicz &#8211; 2017<br \/>\nBo\u017cena Podle\u0144ska &#8211; 2018<br \/>\nMaria Klonowska &#8211; 2019<br \/>\nS\u0142u\u017cba Zdrowia &#8211; 2020<br \/>\nMaciej Adamkiewicz &#8211; 2021<\/p>\n<p><a href=\"http:\/\/tmzc.pl\/wp-content\/uploads\/2022\/07\/TMZC-Laureaci-Nagrody-Fr.-Rajkowskiego-ze-zdjeciami-scaled.jpg\"><img loading=\"lazy\" decoding=\"async\" class=\"aligncenter wp-image-167\" src=\"http:\/\/tmzc.pl\/wp-content\/uploads\/2022\/07\/TMZC-Laureaci-Nagrody-Fr.-Rajkowskiego-ze-zdjeciami-732x1024.jpg\" alt=\"TMZC Laureaci Nagrody Fr. Rajkowskiego\" width=\"800\" height=\"1119\" srcset=\"https:\/\/tmzc.pl\/wp-content\/uploads\/2022\/07\/TMZC-Laureaci-Nagrody-Fr.-Rajkowskiego-ze-zdjeciami-732x1024.jpg 732w, https:\/\/tmzc.pl\/wp-content\/uploads\/2022\/07\/TMZC-Laureaci-Nagrody-Fr.-Rajkowskiego-ze-zdjeciami-215x300.jpg 215w, https:\/\/tmzc.pl\/wp-content\/uploads\/2022\/07\/TMZC-Laureaci-Nagrody-Fr.-Rajkowskiego-ze-zdjeciami-768x1074.jpg 768w, https:\/\/tmzc.pl\/wp-content\/uploads\/2022\/07\/TMZC-Laureaci-Nagrody-Fr.-Rajkowskiego-ze-zdjeciami-1099x1536.jpg 1099w, https:\/\/tmzc.pl\/wp-content\/uploads\/2022\/07\/TMZC-Laureaci-Nagrody-Fr.-Rajkowskiego-ze-zdjeciami-1465x2048.jpg 1465w, https:\/\/tmzc.pl\/wp-content\/uploads\/2022\/07\/TMZC-Laureaci-Nagrody-Fr.-Rajkowskiego-ze-zdjeciami-300x419.jpg 300w, https:\/\/tmzc.pl\/wp-content\/uploads\/2022\/07\/TMZC-Laureaci-Nagrody-Fr.-Rajkowskiego-ze-zdjeciami-850x1188.jpg 850w, https:\/\/tmzc.pl\/wp-content\/uploads\/2022\/07\/TMZC-Laureaci-Nagrody-Fr.-Rajkowskiego-ze-zdjeciami-scaled.jpg 1831w\" sizes=\"auto, (max-width: 800px) 100vw, 800px\" \/><\/a><\/p>\n","protected":false},"excerpt":{"rendered":"<p>Inicjatyw\u0105 Towarzystwa Mi\u0142o\u015bnik\u00f3w Ziemi Ciechanowskiej jest przyznawana corocznie presti\u017cowa Nagroda im. Franciszka Rajkowskiego. Ustanowiono j\u0105 w 1980 roku na wniosek \u00f3wczesnego prezesa naszego stowarzyszenia &#8211; Edwarda Lewandowskiego. Wyr\u00f3\u017cnienie to wr\u0119czane jest w styczniu ka\u017cdego roku spo\u0142ecznikom, osobom szczeg\u00f3lnie zas\u0142u\u017conym w &hellip; <a href=\"https:\/\/tmzc.pl\/index.php\/nagroda-im-f-rajkowskiego\/\">Czytaj dalej <span class=\"meta-nav\">&rarr;<\/span><\/a><\/p>\n","protected":false},"author":1,"featured_media":0,"parent":0,"menu_order":7,"comment_status":"closed","ping_status":"closed","template":"","meta":{"ngg_post_thumbnail":0,"footnotes":""},"class_list":["post-43","page","type-page","status-publish","hentry"],"_links":{"self":[{"href":"https:\/\/tmzc.pl\/index.php\/wp-json\/wp\/v2\/pages\/43","targetHints":{"allow":["GET"]}}],"collection":[{"href":"https:\/\/tmzc.pl\/index.php\/wp-json\/wp\/v2\/pages"}],"about":[{"href":"https:\/\/tmzc.pl\/index.php\/wp-json\/wp\/v2\/types\/page"}],"author":[{"embeddable":true,"href":"https:\/\/tmzc.pl\/index.php\/wp-json\/wp\/v2\/users\/1"}],"replies":[{"embeddable":true,"href":"https:\/\/tmzc.pl\/index.php\/wp-json\/wp\/v2\/comments?post=43"}],"version-history":[{"count":6,"href":"https:\/\/tmzc.pl\/index.php\/wp-json\/wp\/v2\/pages\/43\/revisions"}],"predecessor-version":[{"id":170,"href":"https:\/\/tmzc.pl\/index.php\/wp-json\/wp\/v2\/pages\/43\/revisions\/170"}],"wp:attachment":[{"href":"https:\/\/tmzc.pl\/index.php\/wp-json\/wp\/v2\/media?parent=43"}],"curies":[{"name":"wp","href":"https:\/\/api.w.org\/{rel}","templated":true}]}}