{"id":54,"date":"2021-12-26T00:02:03","date_gmt":"2021-12-25T23:02:03","guid":{"rendered":"http:\/\/tmzc.pl\/?page_id=54"},"modified":"2022-01-10T18:10:14","modified_gmt":"2022-01-10T17:10:14","slug":"konto-do-wplat","status":"publish","type":"page","link":"https:\/\/tmzc.pl\/index.php\/konto-do-wplat\/","title":{"rendered":"Konto do wp\u0142at"},"content":{"rendered":"<p>Roczna sk\u0142adka cz\u0142onkowska Towarzystwa Mi\u0142o\u015bnik\u00f3w Ziemi Ciechanowskiej wynosi: 20z\u0142.<br \/>\nSk\u0142adka osoby b\u0119d\u0105cej emerytem to: 10z\u0142.<\/p>\n<p><strong>Konto do wp\u0142at:<\/strong><br \/>\nTowarzystwo Mi\u0142o\u015bnik\u00f3w Ziemi Ciechanowskiej<br \/>\n06-400 Ciechan\u00f3w<br \/>\nul. Warszawska 4<br \/>\nNIP 566 16 14 405<br \/>\nBank Sp\u00f3\u0142dzielczy w P\u0142o\u0144sku<br \/>\nNr konta: 93 8230 0007 3002 4733 2000 0001<\/p>\n","protected":false},"excerpt":{"rendered":"<p>Roczna sk\u0142adka cz\u0142onkowska Towarzystwa Mi\u0142o\u015bnik\u00f3w Ziemi Ciechanowskiej wynosi: 20z\u0142. Sk\u0142adka osoby b\u0119d\u0105cej emerytem to: 10z\u0142. Konto do wp\u0142at: Towarzystwo Mi\u0142o\u015bnik\u00f3w Ziemi Ciechanowskiej 06-400 Ciechan\u00f3w ul. Warszawska 4 NIP 566 16 14 405 Bank Sp\u00f3\u0142dzielczy w P\u0142o\u0144sku Nr konta: 93 8230 &hellip; <a href=\"https:\/\/tmzc.pl\/index.php\/konto-do-wplat\/\">Czytaj dalej <span class=\"meta-nav\">&rarr;<\/span><\/a><\/p>\n","protected":false},"author":1,"featured_media":0,"parent":0,"menu_order":10,"comment_status":"closed","ping_status":"closed","template":"","meta":{"ngg_post_thumbnail":0,"footnotes":""},"class_list":["post-54","page","type-page","status-publish","hentry"],"_links":{"self":[{"href":"https:\/\/tmzc.pl\/index.php\/wp-json\/wp\/v2\/pages\/54","targetHints":{"allow":["GET"]}}],"collection":[{"href":"https:\/\/tmzc.pl\/index.php\/wp-json\/wp\/v2\/pages"}],"about":[{"href":"https:\/\/tmzc.pl\/index.php\/wp-json\/wp\/v2\/types\/page"}],"author":[{"embeddable":true,"href":"https:\/\/tmzc.pl\/index.php\/wp-json\/wp\/v2\/users\/1"}],"replies":[{"embeddable":true,"href":"https:\/\/tmzc.pl\/index.php\/wp-json\/wp\/v2\/comments?post=54"}],"version-history":[{"count":2,"href":"https:\/\/tmzc.pl\/index.php\/wp-json\/wp\/v2\/pages\/54\/revisions"}],"predecessor-version":[{"id":147,"href":"https:\/\/tmzc.pl\/index.php\/wp-json\/wp\/v2\/pages\/54\/revisions\/147"}],"wp:attachment":[{"href":"https:\/\/tmzc.pl\/index.php\/wp-json\/wp\/v2\/media?parent=54"}],"curies":[{"name":"wp","href":"https:\/\/api.w.org\/{rel}","templated":true}]}}