{"id":60,"date":"2021-12-26T00:03:03","date_gmt":"2021-12-25T23:03:03","guid":{"rendered":"http:\/\/tmzc.pl\/?page_id=60"},"modified":"2022-09-25T17:28:37","modified_gmt":"2022-09-25T15:28:37","slug":"honorowi-czlonkowie","status":"publish","type":"page","link":"https:\/\/tmzc.pl\/index.php\/honorowi-czlonkowie\/","title":{"rendered":"Honorowi cz\u0142onkowie"},"content":{"rendered":"<p><strong>Wybrani na Walnym Zgromadzeniu w dniu 14 czerwca 1959 r.<\/strong><br \/>\n1. Barwi\u0144ski Zdzis\u0142aw<br \/>\n2. Kulwiec Aleksander<br \/>\n3. Szwanke Karol<br \/>\n4. Werner Wincenty<\/p>\n<p><strong>Wybrani na Walnym Zgromadzeniu w dniu 22 czerwca 1974 r.<\/strong><br \/>\n5. Barto\u0142d Robert<br \/>\n6. Borodzicz Stanis\u0142aw<br \/>\n7. Dziura Edward<br \/>\n8. G\u00f3rski Jerzy Stanis\u0142aw<br \/>\n9. Grzankowski Tadeusz<br \/>\n10. Kami\u0144ski Boles\u0142aw<br \/>\n11. Korzybski Jan Kazimierz<br \/>\n12. Wyrzykowski Tadeusz<\/p>\n<p><strong>Wybrani na Walnym Zgromadzeniu w dniu 16 listopada 1975 r.<\/strong><br \/>\n13. Jab\u0142o\u0144ski W\u0142adys\u0142aw<br \/>\n14. Januszewski Franciszek<br \/>\n15. Mickiewicz Jadwiga<br \/>\n16. Pankiewicz Micha\u0142<\/p>\n<p><strong>Wybrani na Walnym Zgromadzeniu w dniu 23 pa\u017adziernika 1977 r.<\/strong><br \/>\n17. Chojnowski W\u0142adys\u0142aw<br \/>\n18. Kociszewski Aleksander Leszek<br \/>\n19. Rutkowska Maria<br \/>\n20. Szymanowska Jadwiga<br \/>\n21. Wierzchowski Jerzy<br \/>\n22. Wylaz\u0142owska Jadwiga<\/p>\n<p><strong>Wybrani na Walnym Zgromadzeniu w dniu 21 czerwca 1998 r.<\/strong><br \/>\n23. Gralewski Henryk<br \/>\n24. Janiszewski Edmund<br \/>\n25. Olszewski Jerzy Hieronim<br \/>\n26. Wodzi\u0144ski Romuald<\/p>\n<p><strong>Wybrani na Walnym Zgromadzeniu w dniu 26 maja 2001 r.<\/strong><br \/>\n27. Bielecka Danuta<br \/>\n28. Bielecki Jan<br \/>\n29. Borkowski Alfred<br \/>\n30. D\u0142ugo\u0142\u0119cki Zygmunt<br \/>\n31. Le\u015bniewski Stefan<br \/>\n32. Lewandowski Edward<br \/>\n33. Zienkiewicz Ewa<\/p>\n<p><strong>Wybrani na Walnym Zgromadzeniu w dniu 25 wrze\u015bnia 2004 r.<\/strong><br \/>\n34. Bobi\u0144ski Kazimierz<br \/>\n35. D\u0142ugoszewska &#8211; Nadratowska Hanna<br \/>\n36. Kowalski Bogumi\u0142<br \/>\n37. Stankiewicz Witold<\/p>\n<p><strong>Wybrani na Walnym Zgromadzeniu w dniu 27 pa\u017adziernika 2007 r.<\/strong><br \/>\n38. Natalia Ropelewska<br \/>\n39. Zygmunt Blankiewicz<br \/>\n40. Tomasz Andrzej Klonowski<br \/>\n41. Mieczys\u0142aw Kurpi\u0144ski<br \/>\n42. Tadeusz Za\u0142\u0119ski<\/p>\n<p><strong>Wybrani na Walnym Zgromadzeniu w dniu 26 lutego 2011 r.<\/strong><br \/>\n43. G\u00f3rski Mariusz<br \/>\n44. Piasecka Barbara<br \/>\n45. Piotrowski Andrzej<\/p>\n<p><strong>Wybrani na Walnym Zebraniu w dniu 17 maja 2015 r.<\/strong><br \/>\n46. Adamkiewicz Maciej Adam<br \/>\n47. Gogolewski Ignacy<br \/>\n48. Mossakowski Zenon ks.<br \/>\n49. Mossakowska Bibiana<br \/>\n50. Ostromecki Krzysztof<br \/>\n51. Rzepli\u0144ski Jan<\/p>\n<p><strong>Wybrani na Walnym Zebraniu w dniu 17 listopada 2018 r.<\/strong><br \/>\n52. Barbarski Lech<br \/>\n53. Brzezi\u0144ska Zofia<br \/>\n54. Kalinowski Miros\u0142aw<br \/>\n55. Klonowska Maria Anna<br \/>\n56. Rzepli\u0144ski Andrzej<br \/>\n57. Umi\u0144ska Bogumi\u0142a Renata<\/p>\n<p><strong>Wybrani na Walnym Zgromadzeniu w dniu 23 pa\u017adziernika 2021 r.<\/strong><br \/>\n58. Niesiob\u0119dzki Jan<br \/>\n59. Stangrodzka-Koz\u0142owska Ewa Urszula<\/p>\n","protected":false},"excerpt":{"rendered":"<p>Wybrani na Walnym Zgromadzeniu w dniu 14 czerwca 1959 r. 1. Barwi\u0144ski Zdzis\u0142aw 2. Kulwiec Aleksander 3. Szwanke Karol 4. Werner Wincenty Wybrani na Walnym Zgromadzeniu w dniu 22 czerwca 1974 r. 5. Barto\u0142d Robert 6. Borodzicz Stanis\u0142aw 7. Dziura &hellip; <a href=\"https:\/\/tmzc.pl\/index.php\/honorowi-czlonkowie\/\">Czytaj dalej <span class=\"meta-nav\">&rarr;<\/span><\/a><\/p>\n","protected":false},"author":1,"featured_media":0,"parent":0,"menu_order":12,"comment_status":"closed","ping_status":"closed","template":"","meta":{"ngg_post_thumbnail":0,"footnotes":""},"class_list":["post-60","page","type-page","status-publish","hentry"],"_links":{"self":[{"href":"https:\/\/tmzc.pl\/index.php\/wp-json\/wp\/v2\/pages\/60","targetHints":{"allow":["GET"]}}],"collection":[{"href":"https:\/\/tmzc.pl\/index.php\/wp-json\/wp\/v2\/pages"}],"about":[{"href":"https:\/\/tmzc.pl\/index.php\/wp-json\/wp\/v2\/types\/page"}],"author":[{"embeddable":true,"href":"https:\/\/tmzc.pl\/index.php\/wp-json\/wp\/v2\/users\/1"}],"replies":[{"embeddable":true,"href":"https:\/\/tmzc.pl\/index.php\/wp-json\/wp\/v2\/comments?post=60"}],"version-history":[{"count":4,"href":"https:\/\/tmzc.pl\/index.php\/wp-json\/wp\/v2\/pages\/60\/revisions"}],"predecessor-version":[{"id":630,"href":"https:\/\/tmzc.pl\/index.php\/wp-json\/wp\/v2\/pages\/60\/revisions\/630"}],"wp:attachment":[{"href":"https:\/\/tmzc.pl\/index.php\/wp-json\/wp\/v2\/media?parent=60"}],"curies":[{"name":"wp","href":"https:\/\/api.w.org\/{rel}","templated":true}]}}